{"id":49053,"date":"2024-07-29T18:46:44","date_gmt":"2024-09-12T16:04:48","guid":{"rendered":"https:\/\/staging.nbg.eu\/product\/horizontal-ten-speed-single-m4-mag-pouch\/"},"modified":"2024-09-12T16:05:51","modified_gmt":"2024-09-12T16:05:51","slug":"horizontalna-ten-speed-enojni-m4-nabojnik-torbica","status":"publish","type":"product","link":"https:\/\/staging.nbg.eu\/sl\/izdelek\/horizontalna-ten-speed-enojni-m4-nabojnik-torbica\/","title":{"rendered":"Horizontalna Ten-Speed\u00ae enojni M4 nabojnik torbica"},"content":{"rendered":"<h2>Vodoravni nosilec za en M4 nabojnik Ten-Speed\u00ae<\/h2>\n<p>Vodoravni nosilec za M4 nabojnik Ten-Speed\u00ae je re\u0161itev za prena\u0161anje streliva. Izdelan je iz elasti\u010dne tkanine voja\u0161ke kakovosti in je zasnovan za namestitev na neuporabljene MOLLE trakove na nosilcih plo\u0161\u010d, jopi\u010dih ali pasovih.<\/p>\n<ul>\n<li>Zdru\u017eljiv s 30-kroglimi STANAG M4 nabojniki in ve\u010dino 5,56 nabojnikov<\/li>\n<li>Primeren za ve\u010dje SMG nabojnike (UMP, CZ Scorpion, P90) in nekatere AK-74 nabojnike<\/li>\n<li>Mo\u017enosti shranjevanja: naboji navzgor\/navzdol, naprej\/nazaj<\/li>\n<li>Na voljo v razli\u010dicah Helium Whisper, zdru\u017eljivi z MOLLE, in za namestitev na pas<\/li>\n<li>Razli\u010dica za namestitev na pas je primerna za pasove do \u0161irine 5 cm z nastavljivimi je\u017eki<\/li>\n<\/ul>\n<p>Vodoravni nosilec za en M4 nabojnik Ten-Speed\u00ae je re\u0161itev za u\u010dinkovito upravljanje streliva.<\/p>\n","protected":false},"excerpt":{"rendered":"<p>Vsestranski vodoravni torbica za nabojnike M4\/5,56. Namestitev na MOLLE sistem ali pas.<\/p>\n","protected":false},"featured_media":49060,"template":"","meta":{"_acf_changed":false},"product_brand":[11139],"product_cat":[13426,13450,13441],"product_tag":[],"class_list":{"0":"post-49053","1":"product","2":"type-product","3":"status-publish","4":"has-post-thumbnail","6":"product_brand-blue-force-gear","7":"product_cat-drzala-za-nabojnike","8":"product_cat-oprema","9":"product_cat-torbice","11":"first","12":"instock","13":"taxable","14":"shipping-taxable","15":"purchasable","16":"product-type-simple"},"acf":[],"_links":{"self":[{"href":"https:\/\/staging.nbg.eu\/sl\/wp-json\/wp\/v2\/product\/49053","targetHints":{"allow":["GET"]}}],"collection":[{"href":"https:\/\/staging.nbg.eu\/sl\/wp-json\/wp\/v2\/product"}],"about":[{"href":"https:\/\/staging.nbg.eu\/sl\/wp-json\/wp\/v2\/types\/product"}],"wp:featuredmedia":[{"embeddable":true,"href":"https:\/\/staging.nbg.eu\/sl\/wp-json\/wp\/v2\/media\/49060"}],"wp:attachment":[{"href":"https:\/\/staging.nbg.eu\/sl\/wp-json\/wp\/v2\/media?parent=49053"}],"wp:term":[{"taxonomy":"product_brand","embeddable":true,"href":"https:\/\/staging.nbg.eu\/sl\/wp-json\/wp\/v2\/product_brand?post=49053"},{"taxonomy":"product_cat","embeddable":true,"href":"https:\/\/staging.nbg.eu\/sl\/wp-json\/wp\/v2\/product_cat?post=49053"},{"taxonomy":"product_tag","embeddable":true,"href":"https:\/\/staging.nbg.eu\/sl\/wp-json\/wp\/v2\/product_tag?post=49053"}],"curies":[{"name":"wp","href":"https:\/\/api.w.org\/{rel}","templated":true}]}}