{"id":48882,"date":"2024-07-29T18:47:29","date_gmt":"2024-09-12T15:58:07","guid":{"rendered":"https:\/\/staging.nbg.eu\/product\/ten-speed-triple-m4-mag-pouch\/"},"modified":"2024-09-12T15:59:10","modified_gmt":"2024-09-12T15:59:10","slug":"ten-speed-trojna-m4-nabojnik-torbica","status":"publish","type":"product","link":"https:\/\/staging.nbg.eu\/sl\/izdelek\/ten-speed-trojna-m4-nabojnik-torbica\/","title":{"rendered":"Ten-Speed\u00ae trojna M4 nabojnik torbica"},"content":{"rendered":"<div class=\"product-description\">\n<h2>Ten-Speed\u00ae trojni M4 torbica za nabojnike od BFG<\/h2>\n<p>Ta lahka torbica dr\u017ei tri AR\/M4 ali M16 nabojnike. Izdelana je iz elastike voja\u0161ke kakovosti in ULTRAcomp\u00ae laminata ter je ploska, ko je prazna.<\/p>\n<ul>\n<li>Dr\u017ei polimerne ali kovinske nabojnike<\/li>\n<li>Ve\u010dnamenska zasnova za medicinske pripomo\u010dke, \u0161ok granate, itd.<\/li>\n<li>MOLLE kompatibilna s Helium Whisper\u00ae pritrditvijo<\/li>\n<li>Dimenzije: 0,3175 cm x 22,86 cm x 15,24 cm<\/li>\n<li>Potrebuje 3 x 6 MOLLE polje<\/li>\n<\/ul>\n<p>Ten-Speed\u00ae tehnologija v kompaktni in u\u010dinkoviti obliki. Primerna za vojsko, policijo in takti\u010dne navdu\u0161ence.<\/p>\n<\/div>\n","protected":false},"excerpt":{"rendered":"<p>Lahka, prilagodljiva MOLLE torbica za 3 AR\/M4 nabojnike ali podobne predmete.<\/p>\n","protected":false},"featured_media":48892,"template":"","meta":{"_acf_changed":false},"product_brand":[11139],"product_cat":[13426,13450,13441],"product_tag":[],"class_list":{"0":"post-48882","1":"product","2":"type-product","3":"status-publish","4":"has-post-thumbnail","6":"product_brand-blue-force-gear","7":"product_cat-drzala-za-nabojnike","8":"product_cat-oprema","9":"product_cat-torbice","11":"first","12":"instock","13":"taxable","14":"shipping-taxable","15":"purchasable","16":"product-type-simple"},"acf":[],"_links":{"self":[{"href":"https:\/\/staging.nbg.eu\/sl\/wp-json\/wp\/v2\/product\/48882","targetHints":{"allow":["GET"]}}],"collection":[{"href":"https:\/\/staging.nbg.eu\/sl\/wp-json\/wp\/v2\/product"}],"about":[{"href":"https:\/\/staging.nbg.eu\/sl\/wp-json\/wp\/v2\/types\/product"}],"wp:featuredmedia":[{"embeddable":true,"href":"https:\/\/staging.nbg.eu\/sl\/wp-json\/wp\/v2\/media\/48892"}],"wp:attachment":[{"href":"https:\/\/staging.nbg.eu\/sl\/wp-json\/wp\/v2\/media?parent=48882"}],"wp:term":[{"taxonomy":"product_brand","embeddable":true,"href":"https:\/\/staging.nbg.eu\/sl\/wp-json\/wp\/v2\/product_brand?post=48882"},{"taxonomy":"product_cat","embeddable":true,"href":"https:\/\/staging.nbg.eu\/sl\/wp-json\/wp\/v2\/product_cat?post=48882"},{"taxonomy":"product_tag","embeddable":true,"href":"https:\/\/staging.nbg.eu\/sl\/wp-json\/wp\/v2\/product_tag?post=48882"}],"curies":[{"name":"wp","href":"https:\/\/api.w.org\/{rel}","templated":true}]}}