{"id":48659,"date":"2024-07-29T19:02:28","date_gmt":"2024-09-12T15:50:16","guid":{"rendered":"https:\/\/staging.nbg.eu\/product\/ten-speed-single-308-mag-pouch\/"},"modified":"2024-09-12T15:51:16","modified_gmt":"2024-09-12T15:51:16","slug":"ten-speed-enojni-308-nabojnik-torbica","status":"publish","type":"product","link":"https:\/\/staging.nbg.eu\/sl\/izdelek\/ten-speed-enojni-308-nabojnik-torbica\/","title":{"rendered":"Ten-Speed\u00ae enojni 308 nabojnik torbica"},"content":{"rendered":"<div class=\"product-description\">\n<h2>Ten-Speed\u00ae Enojna torbica za nabojnik 308 Mag<\/h2>\n<p>Re\u0161itev za prena\u0161anje .308 nabojnikov in ve\u010d. Ta ve\u010dnamenska torbica sprejme en .308 nabojnik (zdru\u017eljiv s SR-25, SIG 716, M110, FAL, SCAR-17, NGSW, XM7) ali podobno velike predmete kot so medicinski pripomo\u010dki, manj\u0161i radiji ali GPS naprave.<\/p>\n<h3>Klju\u010dne lastnosti:<\/h3>\n<ul>\n<li>Lahka in tanka zasnova<\/li>\n<li>Elastika voja\u0161ke kakovosti in ULTRAcomp\u2122 laminat<\/li>\n<li>Patentiran Helium Whisper\u00ae sistem pritrditve<\/li>\n<li>Zdru\u017eljivo z MOLLE<\/li>\n<li>Izbolj\u0161ano zadr\u017eevanje in trpe\u017enost<\/li>\n<li>60% la\u017eja od tradicionalnih torbic<\/li>\n<\/ul>\n<p>Ten-Speed\u00ae Enojna torbica za nabojnik 308 Mag zdru\u017euje hitrost in varnost.<\/p>\n<\/div>\n","protected":false},"excerpt":{"rendered":"<p>Lahek, vsestranski \u017eepek za naboje kalibra .308, z varnim elasti\u010dnim zadr\u017eevanjem.<\/p>\n","protected":false},"featured_media":48662,"template":"","meta":{"_acf_changed":false},"product_brand":[11139],"product_cat":[13426,13450,13441],"product_tag":[],"class_list":{"0":"post-48659","1":"product","2":"type-product","3":"status-publish","4":"has-post-thumbnail","6":"product_brand-blue-force-gear","7":"product_cat-drzala-za-nabojnike","8":"product_cat-oprema","9":"product_cat-torbice","11":"first","12":"instock","13":"taxable","14":"shipping-taxable","15":"purchasable","16":"product-type-simple"},"acf":[],"_links":{"self":[{"href":"https:\/\/staging.nbg.eu\/sl\/wp-json\/wp\/v2\/product\/48659","targetHints":{"allow":["GET"]}}],"collection":[{"href":"https:\/\/staging.nbg.eu\/sl\/wp-json\/wp\/v2\/product"}],"about":[{"href":"https:\/\/staging.nbg.eu\/sl\/wp-json\/wp\/v2\/types\/product"}],"wp:featuredmedia":[{"embeddable":true,"href":"https:\/\/staging.nbg.eu\/sl\/wp-json\/wp\/v2\/media\/48662"}],"wp:attachment":[{"href":"https:\/\/staging.nbg.eu\/sl\/wp-json\/wp\/v2\/media?parent=48659"}],"wp:term":[{"taxonomy":"product_brand","embeddable":true,"href":"https:\/\/staging.nbg.eu\/sl\/wp-json\/wp\/v2\/product_brand?post=48659"},{"taxonomy":"product_cat","embeddable":true,"href":"https:\/\/staging.nbg.eu\/sl\/wp-json\/wp\/v2\/product_cat?post=48659"},{"taxonomy":"product_tag","embeddable":true,"href":"https:\/\/staging.nbg.eu\/sl\/wp-json\/wp\/v2\/product_tag?post=48659"}],"curies":[{"name":"wp","href":"https:\/\/api.w.org\/{rel}","templated":true}]}}