{"id":48574,"date":"2024-07-30T17:57:46","date_gmt":"2024-07-30T17:57:46","guid":{"rendered":"https:\/\/staging.nbg.eu\/product\/red-dot-sight-holosun-hs503gu\/"},"modified":"2024-09-12T15:42:56","modified_gmt":"2024-09-12T15:42:56","slug":"rdeca-pika-meritev-holosun-hs503gu","status":"publish","type":"product","link":"https:\/\/staging.nbg.eu\/sl\/izdelek\/rdeca-pika-meritev-holosun-hs503gu\/","title":{"rendered":"Rde\u010da pika meritev Holosun HS503GU"},"content":{"rendered":"<h2>Holosun HS503GU rde\u010da pika<\/h2>\n<p>Holosun HS503GU rde\u010da pika ima naslednje lastnosti:<\/p>\n<ul>\n<li>Mre\u017eica s kro\u017eno piko z 2 MOA piko in 65 MOA krogom<\/li>\n<li>Namestitev baterije v vija\u010dnem pokrov\u010dku<\/li>\n<li>Za\u0161\u010ditno ohi\u0161je za gumbe za nastavitev vi\u0161ine in strani<\/li>\n<li>\u017divljenjska doba baterije do 2 leti pri stalni uporabi<\/li>\n<li>Vklop\/izklop z zaznavanjem gibanja za dalj\u0161o \u017eivljenjsko dobo baterije<\/li>\n<li>LED tehnologija za bolj\u0161e delovanje<\/li>\n<li>Postavitev le\u010de izven osi za optimalen odboj svetlobe<\/li>\n<li>Lahka aluminijasta konstrukcija (0,18 kg)<\/li>\n<li>Kompaktna velikost: 6,6 cm D x 3,8 cm \u0160 x 6,9 cm V<\/li>\n<li>1x pove\u010dava za hitro dolo\u010danje tar\u010de<\/li>\n<li>Zdru\u017eljivost s Picatinny nosilcem<\/li>\n<\/ul>\n<p>HS503GU je primeren za lov in takti\u010dno streljanje. Nudi natan\u010dnost in trpe\u017enost. Uporablja inovativno zasnovo in opti\u010dno zmogljivost.<\/p>\n","protected":false},"excerpt":{"rendered":"<p>Kompakten rde\u010di kolimator s kro\u017enim kri\u017eem in dolgim \u010dasom delovanja baterije.<\/p>\n","protected":false},"featured_media":48575,"template":"","meta":{"_acf_changed":false},"product_brand":[11440],"product_cat":[13459,13493,13460],"product_tag":[],"class_list":{"0":"post-48574","1":"product","2":"type-product","3":"status-publish","4":"has-post-thumbnail","6":"product_brand-holosun","7":"product_cat-meritev","8":"product_cat-pistne-pike-za-puske","9":"product_cat-rdece-pike","11":"first","12":"outofstock","13":"taxable","14":"shipping-taxable","15":"purchasable","16":"product-type-simple"},"acf":[],"_links":{"self":[{"href":"https:\/\/staging.nbg.eu\/sl\/wp-json\/wp\/v2\/product\/48574","targetHints":{"allow":["GET"]}}],"collection":[{"href":"https:\/\/staging.nbg.eu\/sl\/wp-json\/wp\/v2\/product"}],"about":[{"href":"https:\/\/staging.nbg.eu\/sl\/wp-json\/wp\/v2\/types\/product"}],"wp:featuredmedia":[{"embeddable":true,"href":"https:\/\/staging.nbg.eu\/sl\/wp-json\/wp\/v2\/media\/48575"}],"wp:attachment":[{"href":"https:\/\/staging.nbg.eu\/sl\/wp-json\/wp\/v2\/media?parent=48574"}],"wp:term":[{"taxonomy":"product_brand","embeddable":true,"href":"https:\/\/staging.nbg.eu\/sl\/wp-json\/wp\/v2\/product_brand?post=48574"},{"taxonomy":"product_cat","embeddable":true,"href":"https:\/\/staging.nbg.eu\/sl\/wp-json\/wp\/v2\/product_cat?post=48574"},{"taxonomy":"product_tag","embeddable":true,"href":"https:\/\/staging.nbg.eu\/sl\/wp-json\/wp\/v2\/product_tag?post=48574"}],"curies":[{"name":"wp","href":"https:\/\/api.w.org\/{rel}","templated":true}]}}