{"id":48284,"date":"2024-07-30T18:00:01","date_gmt":"2024-09-12T15:21:22","guid":{"rendered":"https:\/\/staging.nbg.eu\/product\/red-dot-sight-holosun-hs507k\/"},"modified":"2024-09-12T15:22:12","modified_gmt":"2024-09-12T15:22:12","slug":"rdeca-pika-meritev-holosun-hs507k","status":"publish","type":"product","link":"https:\/\/staging.nbg.eu\/sl\/izdelek\/rdeca-pika-meritev-holosun-hs507k\/","title":{"rendered":"Rde\u010da pika meritev Holosun HS507K"},"content":{"rendered":"<h2>Holosun HS507K X2 Rde\u010da to\u010dkovna pika<\/h2>\n<p>Holosun HS507K X2 je odprti refleksni opti\u010dni merek, zasnovan za uporabo na kompaktnih pi\u0161tolah. Ta merek izbolj\u0161uje predhodnika z dodajanjem na\u010dina zaklepanja, funkcije, ki za\u0161\u010diti nastavitve gumbov pred ne\u017eelenim spreminjanjem.<\/p>\n<h2>Klju\u010dne lastnosti:<\/h2>\n<ul>\n<li>Rde\u010da Super LED z do 50.000 ur \u017eivljenjske dobe baterije<\/li>\n<li>Sistem z ve\u010d merki (MRS): Kro\u017ena pika, 2 MOA pika in 32 MOA krog<\/li>\n<li>Tehnologija prebujanja s tresenjem za takoj\u0161njo aktivacijo<\/li>\n<li>Ohi\u0161je iz 7075 aluminija<\/li>\n<li>Stranski pladenj za enostavno menjavo baterije 1632<\/li>\n<li>Zdru\u017eljiv s P365X\/XL (za vmesnike s \u0161tirimi pritrdilnimi to\u010dkami je potrebna adapterska plo\u0161\u010da)<\/li>\n<\/ul>\n<h2>Specifikacije:<\/h2>\n<ul>\n<li>12 nastavitev svetlosti: 10 za dnevno svetlobo in 2 zdru\u017eljivi z no\u010dnim vidom<\/li>\n<li>Brez paralakse in neomejena razdalja o\u010desa<\/li>\n<li>IP67 vodoodporna ocena<\/li>\n<li>Velikost okna: 0,58&#8243; x 0,77&#8243;<\/li>\n<li>Dimenzije: 1,6&#8243; x 0,98&#8243; x 0,95&#8243;<\/li>\n<li>Te\u017ea: 28 g<\/li>\n<li>1 MOA prilagoditev klika<\/li>\n<li>\u00b130 MOA obmo\u010dje nastavitve po \u0161irini in vi\u0161ini<\/li>\n<li>Delovna temperatura: -20\u00b0C do 51\u00b0C<\/li>\n<li>Temperatura shranjevanja: -20\u00b0C do 65\u00b0C<\/li>\n<li>Odpornost na vibracije: 5000G<\/li>\n<\/ul>\n<p>HS507K X2 je primeren za prikrito no\u0161enje oro\u017eja (CCW), saj ponuja kompaktno re\u0161itev za izbolj\u0161ano pridobivanje tar\u010de. Njegova konstrukcija in napredne funkcije ga uvr\u0161\u010dajo med izbire ljubiteljev strelnega oro\u017eja in profesionalcev. HS507K X2 rde\u010da to\u010dkovna pika omogo\u010da izbolj\u0161ano natan\u010dnost in hitrej\u0161e pridobivanje tar\u010de.<\/p>\n","protected":false},"excerpt":{"rendered":"<p>Kompaktni rde\u010di pik za pi\u0161tole. Ve\u010d vzorcev merilnega kri\u017ea, dolga \u017eivljenjska doba baterije, trpe\u017een.<\/p>\n","protected":false},"featured_media":48285,"template":"","meta":{"_acf_changed":false},"product_brand":[11440],"product_cat":[13459,13440,13439,13460],"product_tag":[],"class_list":{"0":"post-48284","1":"product","2":"type-product","3":"status-publish","4":"has-post-thumbnail","6":"product_brand-holosun","7":"product_cat-meritev","8":"product_cat-pistola","9":"product_cat-pistolske-pike","10":"product_cat-rdece-pike","12":"first","13":"instock","14":"taxable","15":"shipping-taxable","16":"purchasable","17":"product-type-simple"},"acf":[],"_links":{"self":[{"href":"https:\/\/staging.nbg.eu\/sl\/wp-json\/wp\/v2\/product\/48284","targetHints":{"allow":["GET"]}}],"collection":[{"href":"https:\/\/staging.nbg.eu\/sl\/wp-json\/wp\/v2\/product"}],"about":[{"href":"https:\/\/staging.nbg.eu\/sl\/wp-json\/wp\/v2\/types\/product"}],"wp:featuredmedia":[{"embeddable":true,"href":"https:\/\/staging.nbg.eu\/sl\/wp-json\/wp\/v2\/media\/48285"}],"wp:attachment":[{"href":"https:\/\/staging.nbg.eu\/sl\/wp-json\/wp\/v2\/media?parent=48284"}],"wp:term":[{"taxonomy":"product_brand","embeddable":true,"href":"https:\/\/staging.nbg.eu\/sl\/wp-json\/wp\/v2\/product_brand?post=48284"},{"taxonomy":"product_cat","embeddable":true,"href":"https:\/\/staging.nbg.eu\/sl\/wp-json\/wp\/v2\/product_cat?post=48284"},{"taxonomy":"product_tag","embeddable":true,"href":"https:\/\/staging.nbg.eu\/sl\/wp-json\/wp\/v2\/product_tag?post=48284"}],"curies":[{"name":"wp","href":"https:\/\/api.w.org\/{rel}","templated":true}]}}