{"id":48022,"date":"2024-01-30T18:01:01","date_gmt":"2024-01-30T18:01:01","guid":{"rendered":"https:\/\/staging.nbg.eu\/product\/red-dot-sight-hs507comp-rd\/"},"modified":"2024-09-12T13:59:50","modified_gmt":"2024-09-12T13:59:50","slug":"kolimatorski-nisan-hs507comp-rd","status":"publish","type":"product","link":"https:\/\/staging.nbg.eu\/sl\/izdelek\/kolimatorski-nisan-hs507comp-rd\/","title":{"rendered":"Kolimatorski Ni\u0161an HS507COMP-RD"},"content":{"rendered":"<div class=\"product-description\">\n<h2>Holosun HS507COMP-RD rde\u010da to\u010dkovna pi\u0161tolska namerilna naprava<\/h2>\n<p>Holosun HS507COMP-RD je pi\u0161tolska namerilna naprava, namenjena tekmovalnim strelcem in entuziastom. Ima objektiv velikosti 1,1&#8243; x 0,87&#8243;, ki ponuja \u0161iroko vidno polje za hitro dolo\u010danje tar\u010de in bolj\u0161o prostorsko zavedanje.<\/p>\n<h3>Glavne zna\u010dilnosti:<\/h3>\n<ul>\n<li>Sistem tekmovalnih mre\u017eic (CRS) z ve\u010d mo\u017enostmi mre\u017eic<\/li>\n<li>650nm rde\u010da Super LED za ostro merilno to\u010dko<\/li>\n<li>50.000 ur \u017eivljenjske dobe baterije s celico CR1632<\/li>\n<li>Konstrukcija iz aluminija 7075<\/li>\n<li>Tehnologija Shake Awake za takoj\u0161njo aktivacijo<\/li>\n<li>8 nastavitev svetlosti (6 dnevnih, 2 zdru\u017eljivi z no\u010dnim vidom)<\/li>\n<li>Zasnova brez paralakse z neomejenim o\u010desnim odmikom<\/li>\n<\/ul>\n<p>CRS HS507COMP-RD ponuja 2 MOA piko, 8 MOA krog, 20 MOA krog in 32 MOA krog, kar strelcem omogo\u010da prilagajanje slike za razli\u010dne namene. S standardnim podno\u017ejem in robustno konstrukcijo je ta namerilna naprava primerna za tekmovalno streljanje in obrambno uporabo.<\/p>\n<\/div>\n","protected":false},"excerpt":{"rendered":"<p>Rde\u010da pika z veliko le\u010do, ve\u010d namerilnimi mre\u017eicami in dolgim \u010dasom delovanja baterije.<\/p>\n","protected":false},"featured_media":48023,"template":"","meta":{"_acf_changed":false},"product_brand":[11440],"product_cat":[13459,13439,13460],"product_tag":[],"class_list":{"0":"post-48022","1":"product","2":"type-product","3":"status-publish","4":"has-post-thumbnail","6":"product_brand-holosun","7":"product_cat-meritev","8":"product_cat-pistolske-pike","9":"product_cat-rdece-pike","11":"first","12":"instock","13":"taxable","14":"shipping-taxable","15":"purchasable","16":"product-type-simple"},"acf":[],"_links":{"self":[{"href":"https:\/\/staging.nbg.eu\/sl\/wp-json\/wp\/v2\/product\/48022","targetHints":{"allow":["GET"]}}],"collection":[{"href":"https:\/\/staging.nbg.eu\/sl\/wp-json\/wp\/v2\/product"}],"about":[{"href":"https:\/\/staging.nbg.eu\/sl\/wp-json\/wp\/v2\/types\/product"}],"wp:featuredmedia":[{"embeddable":true,"href":"https:\/\/staging.nbg.eu\/sl\/wp-json\/wp\/v2\/media\/48023"}],"wp:attachment":[{"href":"https:\/\/staging.nbg.eu\/sl\/wp-json\/wp\/v2\/media?parent=48022"}],"wp:term":[{"taxonomy":"product_brand","embeddable":true,"href":"https:\/\/staging.nbg.eu\/sl\/wp-json\/wp\/v2\/product_brand?post=48022"},{"taxonomy":"product_cat","embeddable":true,"href":"https:\/\/staging.nbg.eu\/sl\/wp-json\/wp\/v2\/product_cat?post=48022"},{"taxonomy":"product_tag","embeddable":true,"href":"https:\/\/staging.nbg.eu\/sl\/wp-json\/wp\/v2\/product_tag?post=48022"}],"curies":[{"name":"wp","href":"https:\/\/api.w.org\/{rel}","templated":true}]}}