{"id":47837,"date":"2024-07-30T18:21:46","date_gmt":"2024-09-12T13:52:40","guid":{"rendered":"https:\/\/staging.nbg.eu\/product\/surefire-supressor-alighnment-rod\/"},"modified":"2024-09-12T13:53:34","modified_gmt":"2024-09-12T13:53:34","slug":"surefire-vodilo-za-poravnavo-dusilca","status":"publish","type":"product","link":"https:\/\/staging.nbg.eu\/sl\/izdelek\/surefire-vodilo-za-poravnavo-dusilca\/","title":{"rendered":"Surefire Vodilo za Poravnavo Du\u0161ilca"},"content":{"rendered":"<p style=\"text-align: center\"><span style=\"font-size: 170%\"><strong>SureFire palice za poravnavo cevi<\/strong><\/span><\/p>\n<p>SureFire palice za poravnavo cevi so orodja, ki zagotavljajo pravilno koncentri\u010dnost vzdol\u017e poti leta izstrelka pri streljanju s du\u0161ilcem na novi platformi. Palica najbli\u017eje predstavlja pot leta izstrelka in bo pokazala morebitno neporavnanost. SureFire priporo\u010da, da uporabniki preverijo poravnanost cevi-adapterja-du\u0161ilca na vsaki novi sestavi ali predhodno neuporabljeni konfiguraciji. SureFire palice za poravnavo cevi so naju\u010dinkovitej\u0161i na\u010din za potrditev tega. Preprosto izberite ustrezno palico za kaliber va\u0161e pu\u0161ke ali karabinke.<\/p>\n<p><span style=\"color: #282828\"><strong><span style=\"font-size: 150%\">LASTNOSTI:<\/span><\/strong><\/span><\/p>\n<p style=\"padding-left: 40px\"><span style=\"color: #282828\"><strong>\u2588 <\/strong><\/span>Izdelano v ZDA.<\/p>\n<p style=\"padding-left: 40px\"><span style=\"color: #282828\"><strong>\u2588 <\/strong><\/span>Toplotno obdelano nerjavno jeklo.<\/p>\n<p style=\"padding-left: 40px\"><span style=\"color: #282828\"><strong>\u2588 <\/strong><\/span>Za preverjanje postavitve pred prvim strelom.<\/p>\n<p style=\"padding-left: 40px\"><span style=\"color: #282828\"><strong>\u2588 <\/strong><\/span>Precizno obdelane palice za natan\u010dno preverjanje.<\/p>\n<p style=\"padding-left: 40px\"><span style=\"color: #282828\"><strong>\u2588 <\/strong><\/span>Precizno obdelana palica bo pokazala vsako odstopanje v poravnavi.<\/p>\n<p style=\"padding-left: 40px\"><span style=\"color: #282828\"><strong>\u2588 <\/strong><\/span>SureFire odobren na\u010din preverjanja pravilne poravnave du\u0161ilca.<\/p>\n<p style=\"padding-left: 40px\"><span style=\"color: #282828\"><strong>\u2588 <\/strong><\/span>Palice za specifi\u010dne kalibre za najbolj priljubljene mo\u017enosti na trgu.<\/p>\n<p style=\"padding-left: 40px\"><span style=\"color: #282828\"><strong>\u2588 <\/strong><\/span>Med izvrtino du\u0161ilca in centrirano palico mora biti viden enakomeren prostor.<\/p>\n<p style=\"padding-left: 40px\"><span style=\"color: #282828\"><strong>\u2588 <\/strong><\/span>Preprosto vstavite palico skozi name\u0161\u010den du\u0161ilec nenapolnjenega oro\u017eja.<\/p>\n<p style=\"padding-left: 40px\"><span style=\"color: #282828\"><strong>\u2588 <\/strong><\/span>Na voljo so palice za najbolj priljubljene kalibre, kot so (5,56 mm, 6,5 mm, 6,8 mm, 7,62 mm, 9 mm, .338)<\/p>\n<table width=\"595\">\n<tbody>\n<tr>\n<td colspan=\"2\" width=\"595\"><span style=\"font-size: 150%;color: #282828\"><b>KLJU\u010cNE LASTNOSTI<\/b><\/span><\/td>\n<\/tr>\n<tr>\n<td width=\"198\"><b>KALIBER<\/b><\/td>\n<td width=\"397\">5,56 mm, 6,5 mm, 6,8 mm, 7,62 mm, 9 mm, .338 cal<\/td>\n<\/tr>\n<tr>\n<td width=\"198\"><b>KONSTRUKCIJA<\/b><\/td>\n<td width=\"397\">\n","protected":false},"excerpt":{"rendered":"<p><strong>SureFire Orodja za Poravnavo Du\u0161ilcev<\/strong><\/p>\n","protected":false},"featured_media":47839,"template":"","meta":{"_acf_changed":false},"product_brand":[11879],"product_cat":[13418,13486,13455],"product_tag":[],"class_list":{"0":"post-47837","1":"product","2":"type-product","3":"status-publish","4":"has-post-thumbnail","6":"product_brand-surefire","7":"product_cat-dusilci","8":"product_cat-orodja","9":"product_cat-pribor-za-dusilce","11":"first","12":"instock","13":"taxable","14":"shipping-taxable","15":"purchasable","16":"product-type-variable","17":"wvs-archive-product-wrapper"},"acf":[],"_links":{"self":[{"href":"https:\/\/staging.nbg.eu\/sl\/wp-json\/wp\/v2\/product\/47837","targetHints":{"allow":["GET"]}}],"collection":[{"href":"https:\/\/staging.nbg.eu\/sl\/wp-json\/wp\/v2\/product"}],"about":[{"href":"https:\/\/staging.nbg.eu\/sl\/wp-json\/wp\/v2\/types\/product"}],"wp:featuredmedia":[{"embeddable":true,"href":"https:\/\/staging.nbg.eu\/sl\/wp-json\/wp\/v2\/media\/47839"}],"wp:attachment":[{"href":"https:\/\/staging.nbg.eu\/sl\/wp-json\/wp\/v2\/media?parent=47837"}],"wp:term":[{"taxonomy":"product_brand","embeddable":true,"href":"https:\/\/staging.nbg.eu\/sl\/wp-json\/wp\/v2\/product_brand?post=47837"},{"taxonomy":"product_cat","embeddable":true,"href":"https:\/\/staging.nbg.eu\/sl\/wp-json\/wp\/v2\/product_cat?post=47837"},{"taxonomy":"product_tag","embeddable":true,"href":"https:\/\/staging.nbg.eu\/sl\/wp-json\/wp\/v2\/product_tag?post=47837"}],"curies":[{"name":"wp","href":"https:\/\/api.w.org\/{rel}","templated":true}]}}