{"id":47635,"date":"2024-07-30T18:46:42","date_gmt":"2024-09-12T13:45:17","guid":{"rendered":"https:\/\/staging.nbg.eu\/product\/surefire-dg-11-switch\/"},"modified":"2024-09-12T13:46:08","modified_gmt":"2024-09-12T13:46:08","slug":"surefire-dg-11-stikalo","status":"publish","type":"product","link":"https:\/\/staging.nbg.eu\/sl\/izdelek\/surefire-dg-11-stikalo\/","title":{"rendered":"SureFire DG-11 Stikalo"},"content":{"rendered":"<div class=\"product-description\">\n<h2>SureFire DG-11 STIKALO<\/h2>\n<p>SureFire DG-11 STIKALO je zasnovano za pi\u0161tole Glock Gen 3\/4\/5 z dodatnimi tirnicami. To stikalo na ro\u010daju ponuja:<\/p>\n<ul>\n<li>Aktiviranje svetilke brez spreminjanja prijema<\/li>\n<li>Obojero\u010dno dvojno trenutno in stalno vklopno\/preklopno stikalo<\/li>\n<li>Minimalna sredinska plo\u0161\u010dica za natan\u010den nadzor<\/li>\n<li>Zdru\u017eljivost s svetilkami serije X (razen XH50G)<\/li>\n<\/ul>\n<p>DG-11 omogo\u010da uporabnikom aktiviranje svetilke s pritiskom prsta ob ohranjanju trdnega prijema oro\u017eja. Ta zasnova zagotavlja hitro in natan\u010dno upravljanje svetlobe v stresnih situacijah, kar ga naredi uporabnega za organe pregona, voja\u0161ko osebje in odgovorne lastnike oro\u017eja.<\/p>\n<\/div>\n","protected":false},"excerpt":{"rendered":"<p>Stikalo, name\u0161\u010deno na ro\u010daju, za natan\u010den nadzor WeaponLight svetilke na pi\u0161tolah Glock.<\/p>\n","protected":false},"featured_media":47636,"template":"","meta":{"_acf_changed":false},"product_brand":[11879],"product_cat":[13498,13474,13467],"product_tag":[],"class_list":{"0":"post-47635","1":"product","2":"type-product","3":"status-publish","4":"has-post-thumbnail","6":"product_brand-surefire","7":"product_cat-dodatki-za-luci","8":"product_cat-luci","9":"product_cat-luci-za-pistole","11":"first","12":"instock","13":"taxable","14":"shipping-taxable","15":"purchasable","16":"product-type-simple"},"acf":[],"_links":{"self":[{"href":"https:\/\/staging.nbg.eu\/sl\/wp-json\/wp\/v2\/product\/47635","targetHints":{"allow":["GET"]}}],"collection":[{"href":"https:\/\/staging.nbg.eu\/sl\/wp-json\/wp\/v2\/product"}],"about":[{"href":"https:\/\/staging.nbg.eu\/sl\/wp-json\/wp\/v2\/types\/product"}],"wp:featuredmedia":[{"embeddable":true,"href":"https:\/\/staging.nbg.eu\/sl\/wp-json\/wp\/v2\/media\/47636"}],"wp:attachment":[{"href":"https:\/\/staging.nbg.eu\/sl\/wp-json\/wp\/v2\/media?parent=47635"}],"wp:term":[{"taxonomy":"product_brand","embeddable":true,"href":"https:\/\/staging.nbg.eu\/sl\/wp-json\/wp\/v2\/product_brand?post=47635"},{"taxonomy":"product_cat","embeddable":true,"href":"https:\/\/staging.nbg.eu\/sl\/wp-json\/wp\/v2\/product_cat?post=47635"},{"taxonomy":"product_tag","embeddable":true,"href":"https:\/\/staging.nbg.eu\/sl\/wp-json\/wp\/v2\/product_tag?post=47635"}],"curies":[{"name":"wp","href":"https:\/\/api.w.org\/{rel}","templated":true}]}}