{"id":47371,"date":"2024-07-30T18:47:47","date_gmt":"2024-09-12T13:25:10","guid":{"rendered":"https:\/\/staging.nbg.eu\/product\/surefire-maxvision-tactician-e2t-mv\/"},"modified":"2024-09-12T13:26:01","modified_gmt":"2024-09-12T13:26:01","slug":"surefire-maxvision-tactician-e2t-mv","status":"publish","type":"product","link":"https:\/\/staging.nbg.eu\/sl\/izdelek\/surefire-maxvision-tactician-e2t-mv\/","title":{"rendered":"SureFire MAXVISION Tactician E2T-MV"},"content":{"rendered":"<div class=\"product-description\">\n<h2>SureFire MAXVISION Tactician E2T-MV<\/h2>\n<p>SureFire MAXVISION Tactician E2T-MV je svetilka za vsakodnevno no\u0161enje, ki jo lahko uporabimo tudi kot improvizirano oro\u017eno svetilko.<\/p>\n<ul>\n<li>LED z dvojnim izhodom in MaxVision Beam\u00ae reflektorjem ustvarja \u0161irok snop svetlobe<\/li>\n<li>800 lumnov na visoki nastavitvi za dalj\u0161e dosege<\/li>\n<li>5 lumnov na nizki nastavitvi za dalj\u0161e delovanje (95 ur)<\/li>\n<li>Takti\u010dno stikalo na zadnjem delu za trenutni ali stalni vklop<\/li>\n<li>Kompaktna dol\u017eina 12,7 cm in te\u017ea 99 g<\/li>\n<li>Aluminijasta konstrukcija z voja\u0161ko trdo anodizirano povr\u0161ino<\/li>\n<li>IPX7 vodoodporna ocena<\/li>\n<li>Deluje na dve prilo\u017eeni 123A bateriji<\/li>\n<\/ul>\n<p>Obro\u010d svetilke omogo\u010da hitro prilagajanje svetlobe: zategnite za maksimalno mo\u010d ali zavrtite v nasprotni smeri urnega kazalca za nizko mo\u010d. Svetilka ima najve\u010djo intenzivnost \u017earka 3.200 kandel in doseg \u017earka 115 metrov.<\/p>\n<\/div>\n","protected":false},"excerpt":{"rendered":"<p>Here&#8217;s the translation in Slovenian:<\/p>\n<p>Vsestranska 800-lumenska takti\u010dna svetilka z dvojnim izhodom in MaxVision Beam\u00ae.<\/p>\n","protected":false},"featured_media":47372,"template":"","meta":{"_acf_changed":false},"product_brand":[11879],"product_cat":[13473,13442,13474],"product_tag":[],"class_list":{"0":"post-47371","1":"product","2":"type-product","3":"status-publish","4":"has-post-thumbnail","6":"product_brand-surefire","7":"product_cat-edc","8":"product_cat-edc-luci","9":"product_cat-luci","11":"first","12":"instock","13":"taxable","14":"shipping-taxable","15":"purchasable","16":"product-type-simple"},"acf":[],"_links":{"self":[{"href":"https:\/\/staging.nbg.eu\/sl\/wp-json\/wp\/v2\/product\/47371","targetHints":{"allow":["GET"]}}],"collection":[{"href":"https:\/\/staging.nbg.eu\/sl\/wp-json\/wp\/v2\/product"}],"about":[{"href":"https:\/\/staging.nbg.eu\/sl\/wp-json\/wp\/v2\/types\/product"}],"wp:featuredmedia":[{"embeddable":true,"href":"https:\/\/staging.nbg.eu\/sl\/wp-json\/wp\/v2\/media\/47372"}],"wp:attachment":[{"href":"https:\/\/staging.nbg.eu\/sl\/wp-json\/wp\/v2\/media?parent=47371"}],"wp:term":[{"taxonomy":"product_brand","embeddable":true,"href":"https:\/\/staging.nbg.eu\/sl\/wp-json\/wp\/v2\/product_brand?post=47371"},{"taxonomy":"product_cat","embeddable":true,"href":"https:\/\/staging.nbg.eu\/sl\/wp-json\/wp\/v2\/product_cat?post=47371"},{"taxonomy":"product_tag","embeddable":true,"href":"https:\/\/staging.nbg.eu\/sl\/wp-json\/wp\/v2\/product_tag?post=47371"}],"curies":[{"name":"wp","href":"https:\/\/api.w.org\/{rel}","templated":true}]}}