{"id":47154,"date":"2024-07-30T18:50:58","date_gmt":"2024-07-30T18:50:58","guid":{"rendered":"https:\/\/staging.nbg.eu\/product\/surefire-sflfp123-batteries-2-pack\/"},"modified":"2024-09-12T13:04:49","modified_gmt":"2024-09-12T13:04:49","slug":"surefire-sflfp123-baterije-2-kosa","status":"publish","type":"product","link":"https:\/\/staging.nbg.eu\/sl\/izdelek\/surefire-sflfp123-baterije-2-kosa\/","title":{"rendered":"SureFire SFLFP123 Baterije 2 kosa"},"content":{"rendered":"<div class=\"product-description\">\n<h2>SureFire SFLFP123 baterije &#8211; 2 kosa<\/h2>\n<p>SureFire SFLFP123 baterije. Ta paket dveh litij-fosfatnih baterij ponuja:<\/p>\n<ul>\n<li>Napajanje za svetilke, oro\u017ene lu\u010di in druge naprave<\/li>\n<li>3,2V nominalna napetost s 1500mAh kapaciteto<\/li>\n<li>Odpornost na ekstremne temperature (od -40\u00b0C do 60\u00b0C)<\/li>\n<li>10-letni rok uporabe za pripravljenost v nujnih primerih<\/li>\n<li>Mo\u017enost ponovnega polnjenja do 500-krat<\/li>\n<li>Izdelano v ZDA<\/li>\n<\/ul>\n<p>Te kompaktne in lahke baterije zagotavljajo dosledno delovanje v zahtevnih situacijah.<\/p>\n<\/div>\n","protected":false},"excerpt":{"rendered":"<p>Baterije SureFire SFLFP123: Visokozmogljive 3V litij-fosfatne celice, zasnovane za najve\u010djo zmogljivost in dolgo \u017eivljenjsko dobo. Ta paket dveh baterij nudi zanesljivo napajanje za svetilke, oro\u017ene svetilke in druge naprave. Zaupajte kakovosti SureFire za konsistentno, dolgotrajno energijo v kompaktni velikosti.<\/p>\n","protected":false},"featured_media":47155,"template":"","meta":{"_acf_changed":false},"product_brand":[11879],"product_cat":[13422,13498,13473,13442,13474],"product_tag":[],"class_list":{"0":"post-47154","1":"product","2":"type-product","3":"status-publish","4":"has-post-thumbnail","6":"product_brand-surefire","7":"product_cat-baterije","8":"product_cat-dodatki-za-luci","9":"product_cat-edc","10":"product_cat-edc-luci","11":"product_cat-luci","13":"first","14":"instock","15":"taxable","16":"shipping-taxable","17":"purchasable","18":"product-type-simple"},"acf":[],"_links":{"self":[{"href":"https:\/\/staging.nbg.eu\/sl\/wp-json\/wp\/v2\/product\/47154","targetHints":{"allow":["GET"]}}],"collection":[{"href":"https:\/\/staging.nbg.eu\/sl\/wp-json\/wp\/v2\/product"}],"about":[{"href":"https:\/\/staging.nbg.eu\/sl\/wp-json\/wp\/v2\/types\/product"}],"wp:featuredmedia":[{"embeddable":true,"href":"https:\/\/staging.nbg.eu\/sl\/wp-json\/wp\/v2\/media\/47155"}],"wp:attachment":[{"href":"https:\/\/staging.nbg.eu\/sl\/wp-json\/wp\/v2\/media?parent=47154"}],"wp:term":[{"taxonomy":"product_brand","embeddable":true,"href":"https:\/\/staging.nbg.eu\/sl\/wp-json\/wp\/v2\/product_brand?post=47154"},{"taxonomy":"product_cat","embeddable":true,"href":"https:\/\/staging.nbg.eu\/sl\/wp-json\/wp\/v2\/product_cat?post=47154"},{"taxonomy":"product_tag","embeddable":true,"href":"https:\/\/staging.nbg.eu\/sl\/wp-json\/wp\/v2\/product_tag?post=47154"}],"curies":[{"name":"wp","href":"https:\/\/api.w.org\/{rel}","templated":true}]}}