{"id":47000,"date":"2024-07-30T19:11:42","date_gmt":"2024-09-12T12:43:22","guid":{"rendered":"https:\/\/staging.nbg.eu\/product\/surefire-scout-light-rear-cap\/"},"modified":"2024-09-12T12:44:16","modified_gmt":"2024-09-12T12:44:16","slug":"surefire-scout-light-zadnji-pokrovcek","status":"publish","type":"product","link":"https:\/\/staging.nbg.eu\/sl\/izdelek\/surefire-scout-light-zadnji-pokrovcek\/","title":{"rendered":"SureFire Scout Light Zadnji Pokrov\u010dek"},"content":{"rendered":"<div class=\"product-description\">\n<h2>SureFire SCOUT LIGHT ZADNJI POKROV<\/h2>\n<p>Nadgradite svoj Scout Light s SureFire SCOUT LIGHT ZADNJIM POKROVOM, nadomestnim zadnjim pokrovom, zasnovanim za izbolj\u0161ano vsestranskost in funkcionalnost.<\/p>\n<h3>Klju\u010dne lastnosti:<\/h3>\n<ul>\n<li>Zdru\u017eljiv s SureFire tra\u010dnimi stikali (ST07 ni vklju\u010den)<\/li>\n<li>Funkcija zaklepanja prepre\u010duje nenamerno aktivacijo<\/li>\n<li>Konstrukcija iz aluminija letalske kakovosti<\/li>\n<li>Mil-Spec Type III trdo anodizirana povr\u0161ina<\/li>\n<li>Na voljo v \u010drni ali pu\u0161\u010davsko rjavi barvi<\/li>\n<\/ul>\n<p>Ta zadnji pokrov omogo\u010da pritrditev SureFire tra\u010dnega stikala, kar zagotavlja bolj\u0161i nadzor in prilagodljivost med takti\u010dnimi operacijami. Funkcija zaklepanja zagotavlja varnost med transportom in shranjevanjem.<\/p>\n<h3>Zdru\u017eljivost:<\/h3>\n<p>Ustreza Scout Light WeaponLights in svetilkam s stikalom premera 0,75&#8243;, vklju\u010dno z:<\/p>\n<ul>\n<li>E1E-HA, E1B, E1L-HA-WH<\/li>\n<li>E2D-BK, E2DL-BK, E2L-HA-WH<\/li>\n<li>L4-HA-WH<\/li>\n<\/ul>\n<p><strong>Opomba:<\/strong> Ni zdru\u017eljiv z Micro Scout Light Pro<\/p>\n<p>Izbolj\u0161ajte delovanje svojega Scout Light s tem trpe\u017enim in vsestranskim zadnjim pokrovom.<\/p>\n<\/div>\n","protected":false},"excerpt":{"rendered":"<p>Nadomestni zadnji pokrov\u010dek za Scout Lights. Omogo\u010da uporabo stikala na trak.<\/p>\n","protected":false},"featured_media":47001,"template":"","meta":{"_acf_changed":false},"product_brand":[11879],"product_cat":[13498,13474,13483],"product_tag":[],"class_list":{"0":"post-47000","1":"product","2":"type-product","3":"status-publish","4":"has-post-thumbnail","6":"product_brand-surefire","7":"product_cat-dodatki-za-luci","8":"product_cat-luci","9":"product_cat-puska","11":"first","12":"instock","13":"taxable","14":"shipping-taxable","15":"purchasable","16":"product-type-variable","17":"wvs-archive-product-wrapper"},"acf":[],"_links":{"self":[{"href":"https:\/\/staging.nbg.eu\/sl\/wp-json\/wp\/v2\/product\/47000","targetHints":{"allow":["GET"]}}],"collection":[{"href":"https:\/\/staging.nbg.eu\/sl\/wp-json\/wp\/v2\/product"}],"about":[{"href":"https:\/\/staging.nbg.eu\/sl\/wp-json\/wp\/v2\/types\/product"}],"wp:featuredmedia":[{"embeddable":true,"href":"https:\/\/staging.nbg.eu\/sl\/wp-json\/wp\/v2\/media\/47001"}],"wp:attachment":[{"href":"https:\/\/staging.nbg.eu\/sl\/wp-json\/wp\/v2\/media?parent=47000"}],"wp:term":[{"taxonomy":"product_brand","embeddable":true,"href":"https:\/\/staging.nbg.eu\/sl\/wp-json\/wp\/v2\/product_brand?post=47000"},{"taxonomy":"product_cat","embeddable":true,"href":"https:\/\/staging.nbg.eu\/sl\/wp-json\/wp\/v2\/product_cat?post=47000"},{"taxonomy":"product_tag","embeddable":true,"href":"https:\/\/staging.nbg.eu\/sl\/wp-json\/wp\/v2\/product_tag?post=47000"}],"curies":[{"name":"wp","href":"https:\/\/api.w.org\/{rel}","templated":true}]}}