{"id":46838,"date":"2024-07-30T19:41:53","date_gmt":"2024-09-12T12:04:55","guid":{"rendered":"https:\/\/staging.nbg.eu\/product\/iosso-pistol-brush\/"},"modified":"2024-09-12T12:06:26","modified_gmt":"2024-09-12T12:06:26","slug":"iosso-krtaca-za-pistolo","status":"publish","type":"product","link":"https:\/\/staging.nbg.eu\/sl\/izdelek\/iosso-krtaca-za-pistolo\/","title":{"rendered":"Iosso Krta\u010da za Pi\u0161tolo"},"content":{"rendered":"<p>\n<strong>Iosso \u0161\u010detka za pi\u0161tolo<\/strong> je orodje za \u010di\u0161\u010denje cevi:<\/p>\n<ul>\n<li>Modra vlakna za la\u017ejo prepoznavnost<\/li>\n<li>Debelej\u0161e, tr\u0161e \u0161\u010detine omogo\u010dajo \u010di\u0161\u010denje v obe smeri<\/li>\n<li>8-10 krat bolj trpe\u017ena od obi\u010dajnih \u0161\u010detk<\/li>\n<li>Tesno navita z ve\u010d vlakni na centimeter<\/li>\n<li>Primerna za uporabo z Iosso \u010distilom za cev in raztopino s trojnim delovanjem<\/li>\n<li>U\u010dinkovito odstranjuje vse vrste umazanije<\/li>\n<li>Skraj\u0161a \u010das \u010di\u0161\u010denja za \u010disto cev<\/li>\n<\/ul>\n<p>Na voljo v razli\u010dnih velikostih za strelno oro\u017eje. Modre \u0161\u010detke so blagovna znamka podjetja Iosso Products.<\/p>\n","protected":false},"excerpt":{"rendered":"<p>Trpe\u017ena kobaltno modra pi\u0161tolska krta\u010da za u\u010dinkovito in temeljito \u010di\u0161\u010denje cevi.<\/p>\n","protected":false},"featured_media":107502,"template":"","meta":{"_acf_changed":false},"product_brand":[11488],"product_cat":[13464,13491],"product_tag":[],"class_list":{"0":"post-46838","1":"product","2":"type-product","3":"status-publish","4":"has-post-thumbnail","6":"product_brand-iosso","7":"product_cat-ciscenje-orozja","8":"product_cat-krtace","10":"first","11":"instock","12":"taxable","13":"shipping-taxable","14":"purchasable","15":"product-type-variable","16":"wvs-archive-product-wrapper"},"acf":[],"_links":{"self":[{"href":"https:\/\/staging.nbg.eu\/sl\/wp-json\/wp\/v2\/product\/46838","targetHints":{"allow":["GET"]}}],"collection":[{"href":"https:\/\/staging.nbg.eu\/sl\/wp-json\/wp\/v2\/product"}],"about":[{"href":"https:\/\/staging.nbg.eu\/sl\/wp-json\/wp\/v2\/types\/product"}],"wp:featuredmedia":[{"embeddable":true,"href":"https:\/\/staging.nbg.eu\/sl\/wp-json\/wp\/v2\/media\/107502"}],"wp:attachment":[{"href":"https:\/\/staging.nbg.eu\/sl\/wp-json\/wp\/v2\/media?parent=46838"}],"wp:term":[{"taxonomy":"product_brand","embeddable":true,"href":"https:\/\/staging.nbg.eu\/sl\/wp-json\/wp\/v2\/product_brand?post=46838"},{"taxonomy":"product_cat","embeddable":true,"href":"https:\/\/staging.nbg.eu\/sl\/wp-json\/wp\/v2\/product_cat?post=46838"},{"taxonomy":"product_tag","embeddable":true,"href":"https:\/\/staging.nbg.eu\/sl\/wp-json\/wp\/v2\/product_tag?post=46838"}],"curies":[{"name":"wp","href":"https:\/\/api.w.org\/{rel}","templated":true}]}}