{"id":46704,"date":"2024-07-30T19:46:24","date_gmt":"2024-09-11T16:04:50","guid":{"rendered":"https:\/\/staging.nbg.eu\/product\/iosso-rifle-brush\/"},"modified":"2024-09-11T16:06:46","modified_gmt":"2024-09-11T16:06:46","slug":"iosso-krtaca-za-pusko","status":"publish","type":"product","link":"https:\/\/staging.nbg.eu\/sl\/izdelek\/iosso-krtaca-za-pusko\/","title":{"rendered":"Iosso Krta\u010da za Pu\u0161ko"},"content":{"rendered":"<p>\nKobaltno modra pu\u0161kovna \u0161\u010detka Iosso Products. Lastnosti:<\/p>\n<ul>\n<li>Debelej\u0161a, tr\u0161a vlakna za \u010di\u0161\u010denje naprej in nazaj<\/li>\n<li>Tesno navita z ve\u010d vlakni na centimeter<\/li>\n<li>Ve\u010dkrat uporabna<\/li>\n<li>Primerna za uporabo s \u010distilom za cev Iosso<\/li>\n<li>Odstranjuje vse vrste ne\u010disto\u010d<\/li>\n<li>Bistveno skraj\u0161a \u010das \u010di\u0161\u010denja<\/li>\n<\/ul>\n<p>U\u010dinkovito \u010di\u0161\u010denje cevi.<\/p>\n","protected":false},"excerpt":{"rendered":"<p>Trpe\u017ena kobaltno modra \u0161\u010detka za pu\u0161ke za u\u010dinkovito in dolgotrajno \u010di\u0161\u010denje cevi.<\/p>\n","protected":false},"featured_media":107433,"template":"","meta":{"_acf_changed":false},"product_brand":[11488],"product_cat":[13464,13491],"product_tag":[],"class_list":{"0":"post-46704","1":"product","2":"type-product","3":"status-publish","4":"has-post-thumbnail","6":"product_brand-iosso","7":"product_cat-ciscenje-orozja","8":"product_cat-krtace","10":"first","11":"instock","12":"taxable","13":"shipping-taxable","14":"purchasable","15":"product-type-variable","16":"wvs-archive-product-wrapper"},"acf":[],"_links":{"self":[{"href":"https:\/\/staging.nbg.eu\/sl\/wp-json\/wp\/v2\/product\/46704","targetHints":{"allow":["GET"]}}],"collection":[{"href":"https:\/\/staging.nbg.eu\/sl\/wp-json\/wp\/v2\/product"}],"about":[{"href":"https:\/\/staging.nbg.eu\/sl\/wp-json\/wp\/v2\/types\/product"}],"wp:featuredmedia":[{"embeddable":true,"href":"https:\/\/staging.nbg.eu\/sl\/wp-json\/wp\/v2\/media\/107433"}],"wp:attachment":[{"href":"https:\/\/staging.nbg.eu\/sl\/wp-json\/wp\/v2\/media?parent=46704"}],"wp:term":[{"taxonomy":"product_brand","embeddable":true,"href":"https:\/\/staging.nbg.eu\/sl\/wp-json\/wp\/v2\/product_brand?post=46704"},{"taxonomy":"product_cat","embeddable":true,"href":"https:\/\/staging.nbg.eu\/sl\/wp-json\/wp\/v2\/product_cat?post=46704"},{"taxonomy":"product_tag","embeddable":true,"href":"https:\/\/staging.nbg.eu\/sl\/wp-json\/wp\/v2\/product_tag?post=46704"}],"curies":[{"name":"wp","href":"https:\/\/api.w.org\/{rel}","templated":true}]}}