{"id":46499,"date":"2024-07-31T20:54:52","date_gmt":"2024-09-11T15:53:19","guid":{"rendered":"https:\/\/staging.nbg.eu\/product\/shotgun-brush\/"},"modified":"2024-09-11T15:54:13","modified_gmt":"2024-09-11T15:54:13","slug":"krtaca-za-shotgun","status":"publish","type":"product","link":"https:\/\/staging.nbg.eu\/sl\/izdelek\/krtaca-za-shotgun\/","title":{"rendered":"Krta\u010da za Shotgun"},"content":{"rendered":"<p>\nKrta\u010da za pu\u0161ko znamke Iosso Products. Zna\u010dilnosti:<\/p>\n<ul>\n<li>Debelej\u0161a, tr\u0161a vlakna za \u010di\u0161\u010denje naprej in nazaj<\/li>\n<li>Tesno navita z ve\u010d vlakni na palec<\/li>\n<li>Ve\u010dkrat uporabna<\/li>\n<li>Primerna za uporabo z Iosso \u010distilom za cev<\/li>\n<li>Odstranjuje vse vrste ne\u010disto\u010d<\/li>\n<li>Znatno skraj\u0161a \u010das \u010di\u0161\u010denja<\/li>\n<\/ul>\n<p>U\u010dinkovito \u010di\u0161\u010denje cevi.<\/p>\n","protected":false},"excerpt":{"rendered":"<p>Vrhunska kobaltno modra krta\u010da za u\u010dinkovito in temeljito \u010di\u0161\u010denje \u0161ibrenice.<\/p>\n","protected":false},"featured_media":46500,"template":"","meta":{"_acf_changed":false},"product_brand":[],"product_cat":[13464,13491],"product_tag":[],"class_list":{"0":"post-46499","1":"product","2":"type-product","3":"status-publish","4":"has-post-thumbnail","6":"product_cat-ciscenje-orozja","7":"product_cat-krtace","9":"first","10":"instock","11":"taxable","12":"shipping-taxable","13":"purchasable","14":"product-type-variable","15":"wvs-archive-product-wrapper"},"acf":[],"_links":{"self":[{"href":"https:\/\/staging.nbg.eu\/sl\/wp-json\/wp\/v2\/product\/46499","targetHints":{"allow":["GET"]}}],"collection":[{"href":"https:\/\/staging.nbg.eu\/sl\/wp-json\/wp\/v2\/product"}],"about":[{"href":"https:\/\/staging.nbg.eu\/sl\/wp-json\/wp\/v2\/types\/product"}],"wp:featuredmedia":[{"embeddable":true,"href":"https:\/\/staging.nbg.eu\/sl\/wp-json\/wp\/v2\/media\/46500"}],"wp:attachment":[{"href":"https:\/\/staging.nbg.eu\/sl\/wp-json\/wp\/v2\/media?parent=46499"}],"wp:term":[{"taxonomy":"product_brand","embeddable":true,"href":"https:\/\/staging.nbg.eu\/sl\/wp-json\/wp\/v2\/product_brand?post=46499"},{"taxonomy":"product_cat","embeddable":true,"href":"https:\/\/staging.nbg.eu\/sl\/wp-json\/wp\/v2\/product_cat?post=46499"},{"taxonomy":"product_tag","embeddable":true,"href":"https:\/\/staging.nbg.eu\/sl\/wp-json\/wp\/v2\/product_tag?post=46499"}],"curies":[{"name":"wp","href":"https:\/\/api.w.org\/{rel}","templated":true}]}}