{"id":46360,"date":"2024-07-31T20:30:37","date_gmt":"2024-09-11T15:46:07","guid":{"rendered":"https:\/\/staging.nbg.eu\/product\/fox-ammunition-65-creed-123-gr\/"},"modified":"2024-09-11T15:47:02","modified_gmt":"2024-09-11T15:47:02","slug":"fox-strelivo-65-creed-123-gr","status":"publish","type":"product","link":"https:\/\/staging.nbg.eu\/sl\/izdelek\/fox-strelivo-65-creed-123-gr\/","title":{"rendered":"Fox Strelivo 6,5 Creed. &#8211; 123 gr"},"content":{"rendered":"<h2>Fox strelivo 6.5 Creed &#8211; 123 gr<\/h2>\n<p>Fox Ammunition 6.5 Creed 123 gr naboji uporabljajo Fox Classic lovsko kroglo. Te krogle brez svinca so izdelane iz zlitine bakra in cinka.<\/p>\n<ul>\n<li>Sestava brez svinca<\/li>\n<li>Zarezana zasnova za zmanj\u0161an pritisk v cevi in pove\u010dano hitrost<\/li>\n<li>Termostabilna plasti\u010dna konica izbolj\u0161a balistiko in kon\u010dni u\u010dinek<\/li>\n<li>Nadzorovana ekspanzija za optimalen prenos energije<\/li>\n<li>U\u010dinkovitost od bli\u017enjih do dolgih strelov<\/li>\n<li>Ustavitvena mo\u010d z minimalnimi po\u0161kodbami mesa<\/li>\n<\/ul>\n<p>Fox Ammunition ponuja natan\u010dnost, zanesljivost in eti\u010dno lovsko prakso.<\/p>\n","protected":false},"excerpt":{"rendered":"<p>Brezolovna, natan\u010dna municija kalibra 6,5 Creedmoor<\/p>\n","protected":false},"featured_media":46361,"template":"","meta":{"_acf_changed":false},"product_brand":[],"product_cat":[13458,13495],"product_tag":[],"class_list":{"0":"post-46360","1":"product","2":"type-product","3":"status-publish","4":"has-post-thumbnail","6":"product_cat-strelivo","7":"product_cat-strelivo-za-puske","9":"first","10":"instock","11":"taxable","12":"shipping-taxable","13":"purchasable","14":"product-type-simple"},"acf":[],"_links":{"self":[{"href":"https:\/\/staging.nbg.eu\/sl\/wp-json\/wp\/v2\/product\/46360","targetHints":{"allow":["GET"]}}],"collection":[{"href":"https:\/\/staging.nbg.eu\/sl\/wp-json\/wp\/v2\/product"}],"about":[{"href":"https:\/\/staging.nbg.eu\/sl\/wp-json\/wp\/v2\/types\/product"}],"wp:featuredmedia":[{"embeddable":true,"href":"https:\/\/staging.nbg.eu\/sl\/wp-json\/wp\/v2\/media\/46361"}],"wp:attachment":[{"href":"https:\/\/staging.nbg.eu\/sl\/wp-json\/wp\/v2\/media?parent=46360"}],"wp:term":[{"taxonomy":"product_brand","embeddable":true,"href":"https:\/\/staging.nbg.eu\/sl\/wp-json\/wp\/v2\/product_brand?post=46360"},{"taxonomy":"product_cat","embeddable":true,"href":"https:\/\/staging.nbg.eu\/sl\/wp-json\/wp\/v2\/product_cat?post=46360"},{"taxonomy":"product_tag","embeddable":true,"href":"https:\/\/staging.nbg.eu\/sl\/wp-json\/wp\/v2\/product_tag?post=46360"}],"curies":[{"name":"wp","href":"https:\/\/api.w.org\/{rel}","templated":true}]}}