{"id":46196,"date":"2024-08-03T08:31:54","date_gmt":"2024-09-11T15:11:25","guid":{"rendered":"https:\/\/staging.nbg.eu\/product\/rh-owb-tac-duty-holster\/"},"modified":"2024-09-11T15:12:44","modified_gmt":"2024-09-11T15:12:44","slug":"rh-owb-tacduty-tokovina","status":"publish","type":"product","link":"https:\/\/staging.nbg.eu\/sl\/izdelek\/rh-owb-tacduty-tokovina\/","title":{"rendered":"RH OWB Tac\/Duty Tokovina"},"content":{"rendered":"<p>RH OWB Tac\/Duty torbica za oro\u017eje je kydex torbica, namenjena takti\u010dni in slu\u017ebeni uporabi. Lastnosti vklju\u010dujejo:<\/p>\n<ul>\n<li>Zdru\u017eljivost z oro\u017ejem z name\u0161\u010denimi lu\u010dmi<\/li>\n<li>Prilagaja se platformam Safariland, Blackhawk ali Blade-Tech<\/li>\n<li>Primerna za no\u0161enje na spodnjem delu stegna<\/li>\n<li>Enostavno vzdr\u017eevanje in \u010di\u0161\u010denje<\/li>\n<li>Uporablja jo \u010ce\u0161ka vojska in policija<\/li>\n<\/ul>\n<p>Primerna za slu\u017ebeno oro\u017eje, usposabljanje in takti\u010dne operacije.<\/p>\n","protected":false},"excerpt":{"rendered":"<p>Trpe\u017een Kydex tok za slu\u017ebeno uporabo. Primeren za slu\u017ebeno oro\u017eje in svetilke.<\/p>\n","protected":false},"featured_media":46197,"template":"","meta":{"_acf_changed":false},"product_brand":[11648],"product_cat":[13437,13475,13424],"product_tag":[],"class_list":{"0":"post-46196","1":"product","2":"type-product","3":"status-publish","4":"has-post-thumbnail","6":"product_brand-rh-holsters","7":"product_cat-kabura","8":"product_cat-sportni-tok","9":"product_cat-takticna-kabura","10":"pa_light-surefire-x300-ultra-a-sl","11":"pa_model-glock-17-sl","12":"pa_safety-automatic-sl","13":"pa_strong-hand-right-sl","15":"first","16":"instock","17":"taxable","18":"shipping-taxable","19":"purchasable","20":"product-type-variable","21":"wvs-archive-product-wrapper"},"acf":[],"_links":{"self":[{"href":"https:\/\/staging.nbg.eu\/sl\/wp-json\/wp\/v2\/product\/46196","targetHints":{"allow":["GET"]}}],"collection":[{"href":"https:\/\/staging.nbg.eu\/sl\/wp-json\/wp\/v2\/product"}],"about":[{"href":"https:\/\/staging.nbg.eu\/sl\/wp-json\/wp\/v2\/types\/product"}],"wp:featuredmedia":[{"embeddable":true,"href":"https:\/\/staging.nbg.eu\/sl\/wp-json\/wp\/v2\/media\/46197"}],"wp:attachment":[{"href":"https:\/\/staging.nbg.eu\/sl\/wp-json\/wp\/v2\/media?parent=46196"}],"wp:term":[{"taxonomy":"product_brand","embeddable":true,"href":"https:\/\/staging.nbg.eu\/sl\/wp-json\/wp\/v2\/product_brand?post=46196"},{"taxonomy":"product_cat","embeddable":true,"href":"https:\/\/staging.nbg.eu\/sl\/wp-json\/wp\/v2\/product_cat?post=46196"},{"taxonomy":"product_tag","embeddable":true,"href":"https:\/\/staging.nbg.eu\/sl\/wp-json\/wp\/v2\/product_tag?post=46196"}],"curies":[{"name":"wp","href":"https:\/\/api.w.org\/{rel}","templated":true}]}}