{"id":46126,"date":"2024-08-03T09:01:48","date_gmt":"2024-09-11T09:29:53","guid":{"rendered":"https:\/\/staging.nbg.eu\/product\/rh-sharky-iwb-holster\/"},"modified":"2024-09-11T09:31:03","modified_gmt":"2024-09-11T09:31:03","slug":"rh-sharky-iwb-tokovina","status":"publish","type":"product","link":"https:\/\/staging.nbg.eu\/sl\/izdelek\/rh-sharky-iwb-tokovina\/","title":{"rendered":"RH Sharky IWB Tokovina"},"content":{"rendered":"<p>RH Sharky IWB tok za prikrito no\u0161enje. Zna\u010dilnosti vklju\u010dujejo:<\/p>\n<ul>\n<li>Konstrukcija s vakuumskim stiskanjem<\/li>\n<li>Dvojna zaponka za zanesljiv oprijem<\/li>\n<li>Nastavljiv naklon in vi\u0161ina<\/li>\n<li>Primeren za rde\u010de pike in podalj\u0161ane cevi<\/li>\n<li>Vgrajen element za bolj\u0161e prikrivanje<\/li>\n<li>Prilagoditev ro\u010daja za osebno prileganje<\/li>\n<\/ul>\n<p>Ta inovativen tok za no\u0161enje za pasom nudi udobje in vsestranskost.<\/p>\n","protected":false},"excerpt":{"rendered":"<p>Varen, nastavljiv IWB holster za prikrito no\u0161enje s rde\u010do piko.<\/p>\n","protected":false},"featured_media":46129,"template":"","meta":{"_acf_changed":false},"product_brand":[11648],"product_cat":[13437,13424],"product_tag":[],"class_list":{"0":"post-46126","1":"product","2":"type-product","3":"status-publish","4":"has-post-thumbnail","6":"product_brand-rh-holsters","7":"product_cat-kabura","8":"product_cat-takticna-kabura","9":"pa_clips-monoblock-sl","10":"pa_light-surefire-x300-ultra-a-sl","11":"pa_light-without-light-sl","12":"pa_model-glock-17-sl","13":"pa_model-glock-43x-sl","14":"pa_strong-hand-left-sl","15":"pa_strong-hand-right-sl","17":"first","18":"instock","19":"taxable","20":"shipping-taxable","21":"purchasable","22":"product-type-variable","23":"wvs-archive-product-wrapper"},"acf":[],"_links":{"self":[{"href":"https:\/\/staging.nbg.eu\/sl\/wp-json\/wp\/v2\/product\/46126","targetHints":{"allow":["GET"]}}],"collection":[{"href":"https:\/\/staging.nbg.eu\/sl\/wp-json\/wp\/v2\/product"}],"about":[{"href":"https:\/\/staging.nbg.eu\/sl\/wp-json\/wp\/v2\/types\/product"}],"wp:featuredmedia":[{"embeddable":true,"href":"https:\/\/staging.nbg.eu\/sl\/wp-json\/wp\/v2\/media\/46129"}],"wp:attachment":[{"href":"https:\/\/staging.nbg.eu\/sl\/wp-json\/wp\/v2\/media?parent=46126"}],"wp:term":[{"taxonomy":"product_brand","embeddable":true,"href":"https:\/\/staging.nbg.eu\/sl\/wp-json\/wp\/v2\/product_brand?post=46126"},{"taxonomy":"product_cat","embeddable":true,"href":"https:\/\/staging.nbg.eu\/sl\/wp-json\/wp\/v2\/product_cat?post=46126"},{"taxonomy":"product_tag","embeddable":true,"href":"https:\/\/staging.nbg.eu\/sl\/wp-json\/wp\/v2\/product_tag?post=46126"}],"curies":[{"name":"wp","href":"https:\/\/api.w.org\/{rel}","templated":true}]}}