{"id":45851,"date":"2024-08-03T14:31:50","date_gmt":"2024-09-10T15:01:26","guid":{"rendered":"https:\/\/staging.nbg.eu\/product\/rh-frogy-owb-holster\/"},"modified":"2024-09-10T15:02:36","modified_gmt":"2024-09-10T15:02:36","slug":"rh-frogy-owb-tokovina","status":"publish","type":"product","link":"https:\/\/staging.nbg.eu\/sl\/izdelek\/rh-frogy-owb-tokovina\/","title":{"rendered":"RH Frogy OWB Tokovina"},"content":{"rendered":"<div class=\"product-description\">\n<h2>RH Frogy OWB Tok za oro\u017eje<\/h2>\n<p>Do\u017eivite vrhunsko prikrito no\u0161enje z RH Frogy OWB tokom za oro\u017eje. Zasnovan za uporabo zunaj pasu, ta tok odlikujejo:<\/p>\n<ul>\n<li>Edinstvena konstrukcija z vgrajeno tla\u010dno funkcijo za bolj\u0161e prikrivanje oro\u017eja<\/li>\n<li>Udobno no\u0161enje z zasnovo, ki zapolni prostor pod pasom za stabilno namestitev<\/li>\n<li>Vakuumsko stisnjeni 2,5 mm debel Kydex z rebri za ve\u010djo trpe\u017enost in togost<\/li>\n<li>Ro\u010dno polirani robovi za maksimalno udobje<\/li>\n<li>Nagnjena postavitev oro\u017eja za izbolj\u0161ano prikrivanje in izvlek<\/li>\n<li>Nastavljiv oprijem in naklon<\/li>\n<li>Zdru\u017eljiv z rde\u010dimi pikami in podalj\u0161animi cevmi\/navoji<\/li>\n<\/ul>\n<p>Natan\u010dno oblikovan in izdelan iz enega kosa Kydexa, ta tok nudi optimalno prikrivanje in udobje. Njegova odprta zasnova omogo\u010da enostavno \u010di\u0161\u010denje in prilagajanje razli\u010dnim modifikacijam oro\u017eja.<\/p>\n<\/div>\n","protected":false},"excerpt":{"rendered":"<p>RH Frogy OWB Tok: Prikrito, udobno, nastavljivo no\u0161enje iz kydex materiala.<\/p>\n","protected":false},"featured_media":45855,"template":"","meta":{"_acf_changed":false},"product_brand":[11648],"product_cat":[13437,13475,13424],"product_tag":[],"class_list":{"0":"post-45851","1":"product","2":"type-product","3":"status-publish","4":"has-post-thumbnail","6":"product_brand-rh-holsters","7":"product_cat-kabura","8":"product_cat-sportni-tok","9":"product_cat-takticna-kabura","10":"pa_belt-size-40mm-sl","11":"pa_model-glock-17-sl","12":"pa_model-glock-19-23-32-sl","13":"pa_strong-hand-right-sl","15":"first","16":"instock","17":"taxable","18":"shipping-taxable","19":"purchasable","20":"product-type-variable","21":"wvs-archive-product-wrapper"},"acf":[],"_links":{"self":[{"href":"https:\/\/staging.nbg.eu\/sl\/wp-json\/wp\/v2\/product\/45851","targetHints":{"allow":["GET"]}}],"collection":[{"href":"https:\/\/staging.nbg.eu\/sl\/wp-json\/wp\/v2\/product"}],"about":[{"href":"https:\/\/staging.nbg.eu\/sl\/wp-json\/wp\/v2\/types\/product"}],"wp:featuredmedia":[{"embeddable":true,"href":"https:\/\/staging.nbg.eu\/sl\/wp-json\/wp\/v2\/media\/45855"}],"wp:attachment":[{"href":"https:\/\/staging.nbg.eu\/sl\/wp-json\/wp\/v2\/media?parent=45851"}],"wp:term":[{"taxonomy":"product_brand","embeddable":true,"href":"https:\/\/staging.nbg.eu\/sl\/wp-json\/wp\/v2\/product_brand?post=45851"},{"taxonomy":"product_cat","embeddable":true,"href":"https:\/\/staging.nbg.eu\/sl\/wp-json\/wp\/v2\/product_cat?post=45851"},{"taxonomy":"product_tag","embeddable":true,"href":"https:\/\/staging.nbg.eu\/sl\/wp-json\/wp\/v2\/product_tag?post=45851"}],"curies":[{"name":"wp","href":"https:\/\/api.w.org\/{rel}","templated":true}]}}