{"id":45668,"date":"2024-08-04T20:46:31","date_gmt":"2024-09-10T14:52:32","guid":{"rendered":"https:\/\/staging.nbg.eu\/product\/rh-ar15-m4-owb-mag-holder\/"},"modified":"2024-09-10T14:53:42","modified_gmt":"2024-09-10T14:53:42","slug":"barwarus-gumb-za-ak47-rocica-za-nabijanje","status":"publish","type":"product","link":"https:\/\/staging.nbg.eu\/sl\/izdelek\/barwarus-gumb-za-ak47-rocica-za-nabijanje\/","title":{"rendered":"Barwarus gumb za AK47 (ro\u010dica za nabijanje)"},"content":{"rendered":"<p>Nosilec za nabojnik RH AR15\/M4 OWB je popoln za uporabo pri IPSC in slu\u017ebene namene. Zna\u010dilnosti vklju\u010dujejo:<\/p>\n<ul>\n<li>Nastavljiv oprijem za optimalen upor<\/li>\n<li>Enostavna dostopnost<\/li>\n<li>Zdru\u017eljiv s \u0161portnimi in takti\u010dnimi pasovi<\/li>\n<li>Natan\u010dno oblikovan za popolno prileganje<\/li>\n<li>Ostri utori z gladkimi robovi<\/li>\n<\/ul>\n<p>Idealen za nabojnike PCC, ta tok ponuja vrhunsko zmogljivost in udobje.<\/p>\n","protected":false},"excerpt":{"rendered":"<p>Nastavljiv IPSC\/tekmovalni nosilec za nabojnike za enostaven dostop na takti\u010dnih pasovih<\/p>\n","protected":false},"featured_media":45670,"template":"","meta":{"_acf_changed":false},"product_brand":[11648],"product_cat":[13426,13437],"product_tag":[],"class_list":{"0":"post-45668","1":"product","2":"type-product","3":"status-publish","4":"has-post-thumbnail","6":"product_brand-rh-holsters","7":"product_cat-drzala-za-nabojnike","8":"product_cat-kabura","9":"pa_model-ar-15-sl","10":"pa_strong-hand-right-sl","12":"first","13":"instock","14":"taxable","15":"shipping-taxable","16":"purchasable","17":"product-type-variable","18":"wvs-archive-product-wrapper"},"acf":[],"_links":{"self":[{"href":"https:\/\/staging.nbg.eu\/sl\/wp-json\/wp\/v2\/product\/45668","targetHints":{"allow":["GET"]}}],"collection":[{"href":"https:\/\/staging.nbg.eu\/sl\/wp-json\/wp\/v2\/product"}],"about":[{"href":"https:\/\/staging.nbg.eu\/sl\/wp-json\/wp\/v2\/types\/product"}],"wp:featuredmedia":[{"embeddable":true,"href":"https:\/\/staging.nbg.eu\/sl\/wp-json\/wp\/v2\/media\/45670"}],"wp:attachment":[{"href":"https:\/\/staging.nbg.eu\/sl\/wp-json\/wp\/v2\/media?parent=45668"}],"wp:term":[{"taxonomy":"product_brand","embeddable":true,"href":"https:\/\/staging.nbg.eu\/sl\/wp-json\/wp\/v2\/product_brand?post=45668"},{"taxonomy":"product_cat","embeddable":true,"href":"https:\/\/staging.nbg.eu\/sl\/wp-json\/wp\/v2\/product_cat?post=45668"},{"taxonomy":"product_tag","embeddable":true,"href":"https:\/\/staging.nbg.eu\/sl\/wp-json\/wp\/v2\/product_tag?post=45668"}],"curies":[{"name":"wp","href":"https:\/\/api.w.org\/{rel}","templated":true}]}}