{"id":45584,"date":"2024-08-16T11:10:46","date_gmt":"2024-09-10T14:47:45","guid":{"rendered":"https:\/\/staging.nbg.eu\/product\/barwarus-knob-for-ak47-charging-handle\/"},"modified":"2024-09-10T14:48:37","modified_gmt":"2024-09-10T14:48:37","slug":"rhh-nahrbtnik","status":"publish","type":"product","link":"https:\/\/staging.nbg.eu\/sl\/izdelek\/rhh-nahrbtnik\/","title":{"rendered":"RHH nahrbtnik"},"content":{"rendered":"<div class=\"product-description\">\n<h2>Barwarus ro\u010daj za napenjalno ro\u010dico AK47<\/h2>\n<p>Nadgradite svoj AK47 z Barwarus ro\u010dajem, vrhunsko izbolj\u0161avo za va\u0161o napenjalno ro\u010dico. Ta precizno izdelan dodatek se enostavno privije na obstoje\u010do napenjalno ro\u010dico in zagotavlja gladek, pove\u010dan ro\u010daj za enostavno upravljanje oro\u017eja.<\/p>\n<ul>\n<li>Skrbno zasnovan za prileganje AK47 in podobnim modelom<\/li>\n<li>Ergonomska oblika se udobno prilega v kateremkoli polo\u017eaju prstov<\/li>\n<li>Varno prileganje prepre\u010duje te\u017eave z odletavanjem, pogoste pri drugih ro\u010dajih<\/li>\n<li>Varjenje ni potrebno &#8211; za enostavno namestitev uporablja obstoje\u010di nastavitveni vijak<\/li>\n<li>Zdru\u017eljiv z ve\u010dino razli\u010dic AK47<\/li>\n<\/ul>\n<p>Izkusite izbolj\u0161ano rokovanje in zanesljivost z Barwarus ro\u010dajem. Izbolj\u0161ajte svojo strelsko izku\u0161njo \u017ee danes!<\/p>\n<\/div>\n","protected":false},"excerpt":{"rendered":"<p>Izbolj\u0161an gumb ro\u010daja za polnjenje AK47 za gladkej\u0161e delovanje<\/p>\n","protected":false},"featured_media":101469,"template":"","meta":{"_acf_changed":false},"product_brand":[11111],"product_cat":[13417,13432],"product_tag":[],"class_list":{"0":"post-45584","1":"product","2":"type-product","3":"status-publish","4":"has-post-thumbnail","6":"product_brand-barwarus","7":"product_cat-ak-nastavitve","8":"product_cat-nastavitve-puske","10":"first","11":"outofstock","12":"taxable","13":"shipping-taxable","14":"purchasable","15":"product-type-variable","16":"wvs-archive-product-wrapper"},"acf":[],"_links":{"self":[{"href":"https:\/\/staging.nbg.eu\/sl\/wp-json\/wp\/v2\/product\/45584","targetHints":{"allow":["GET"]}}],"collection":[{"href":"https:\/\/staging.nbg.eu\/sl\/wp-json\/wp\/v2\/product"}],"about":[{"href":"https:\/\/staging.nbg.eu\/sl\/wp-json\/wp\/v2\/types\/product"}],"wp:featuredmedia":[{"embeddable":true,"href":"https:\/\/staging.nbg.eu\/sl\/wp-json\/wp\/v2\/media\/101469"}],"wp:attachment":[{"href":"https:\/\/staging.nbg.eu\/sl\/wp-json\/wp\/v2\/media?parent=45584"}],"wp:term":[{"taxonomy":"product_brand","embeddable":true,"href":"https:\/\/staging.nbg.eu\/sl\/wp-json\/wp\/v2\/product_brand?post=45584"},{"taxonomy":"product_cat","embeddable":true,"href":"https:\/\/staging.nbg.eu\/sl\/wp-json\/wp\/v2\/product_cat?post=45584"},{"taxonomy":"product_tag","embeddable":true,"href":"https:\/\/staging.nbg.eu\/sl\/wp-json\/wp\/v2\/product_tag?post=45584"}],"curies":[{"name":"wp","href":"https:\/\/api.w.org\/{rel}","templated":true}]}}