{"id":45483,"date":"2024-08-16T17:57:18","date_gmt":"2024-09-10T14:26:27","guid":{"rendered":"https:\/\/staging.nbg.eu\/product\/clips-ulticlip-3\/"},"modified":"2024-09-10T14:27:20","modified_gmt":"2024-09-10T14:27:20","slug":"sponke-ulticlip-xl","status":"publish","type":"product","link":"https:\/\/staging.nbg.eu\/sl\/izdelek\/sponke-ulticlip-xl\/","title":{"rendered":"Sponke Ulticlip XL"},"content":{"rendered":"<div class=\"product-description\">\n<h2>Clips Ulticlip 3+: Vrhunska prikritost in zadr\u017eevanje<\/h2>\n<p>Do\u017eivite neprimerljivo prikritost in zadr\u017eevanje z Ulticlip3+. Ta 100% ameri\u0161ka zaponka ponuja:<\/p>\n<ul>\n<li>Vrhunsko mo\u017enost no\u0161enja brez pasu<\/li>\n<li>\u010crno oksidno prevleko voja\u0161ke kakovosti<\/li>\n<li>Toplotno obdelano vzmetno jeklo C-1075 (RC 42-49)<\/li>\n<li>Obdelano z voskom\/oljem za gladko delovanje in prepre\u010devanje rje<\/li>\n<li>Ve\u010d kot 10-kratno zadr\u017eevanje v primerjavi s standardnimi zaponkami za tok<\/li>\n<\/ul>\n<p>Ulticlip3+ ima ravno povr\u0161ino za pritrditev z 2 re\u017eama in 1 luknjo, kar omogo\u010da raznolike mo\u017enosti pritrditve z razdaljo med luknjami do 1,70&#8243;. S samo 3,5&#8243; x 7\/8&#8243; in te\u017eo zgolj 0,78 oz ponuja minimalen profil z maksimalno prikritostjo.<\/p>\n<p>Nadgradite svoj sistem no\u0161enja z Ulticlip3+ \u0161e danes!<\/p>\n<\/div>\n","protected":false},"excerpt":{"rendered":"<p>Varna, tanka zaponka za no\u0161enje brez pasu. Ve\u010d mo\u017enosti namestitve.<\/p>\n","protected":false},"featured_media":22729,"template":"","meta":{"_acf_changed":false},"product_brand":[],"product_cat":[13470,13450],"product_tag":[],"class_list":{"0":"post-45483","1":"product","2":"type-product","3":"status-publish","4":"has-post-thumbnail","6":"product_cat-dodatki-za-toke","7":"product_cat-oprema","9":"first","10":"instock","11":"taxable","12":"shipping-taxable","13":"purchasable","14":"product-type-simple"},"acf":[],"_links":{"self":[{"href":"https:\/\/staging.nbg.eu\/sl\/wp-json\/wp\/v2\/product\/45483","targetHints":{"allow":["GET"]}}],"collection":[{"href":"https:\/\/staging.nbg.eu\/sl\/wp-json\/wp\/v2\/product"}],"about":[{"href":"https:\/\/staging.nbg.eu\/sl\/wp-json\/wp\/v2\/types\/product"}],"wp:featuredmedia":[{"embeddable":true,"href":"https:\/\/staging.nbg.eu\/sl\/wp-json\/wp\/v2\/media\/22729"}],"wp:attachment":[{"href":"https:\/\/staging.nbg.eu\/sl\/wp-json\/wp\/v2\/media?parent=45483"}],"wp:term":[{"taxonomy":"product_brand","embeddable":true,"href":"https:\/\/staging.nbg.eu\/sl\/wp-json\/wp\/v2\/product_brand?post=45483"},{"taxonomy":"product_cat","embeddable":true,"href":"https:\/\/staging.nbg.eu\/sl\/wp-json\/wp\/v2\/product_cat?post=45483"},{"taxonomy":"product_tag","embeddable":true,"href":"https:\/\/staging.nbg.eu\/sl\/wp-json\/wp\/v2\/product_tag?post=45483"}],"curies":[{"name":"wp","href":"https:\/\/api.w.org\/{rel}","templated":true}]}}