{"id":45461,"date":"2024-08-16T17:59:54","date_gmt":"2024-09-10T14:24:23","guid":{"rendered":"https:\/\/staging.nbg.eu\/product\/clips-ulticlip-xl\/"},"modified":"2024-09-10T14:25:15","modified_gmt":"2024-09-10T14:25:15","slug":"calypso-ultrazvocni-prenosni-mini-merilnik-vetra-45ms","status":"publish","type":"product","link":"https:\/\/staging.nbg.eu\/sl\/izdelek\/calypso-ultrazvocni-prenosni-mini-merilnik-vetra-45ms\/","title":{"rendered":"Calypso ultrazvo\u010dni prenosni mini merilnik vetra 45m\/s"},"content":{"rendered":"<div class=\"product-description\">\n<h2>Clips Ulticlip XL: Ultimativna ve\u010dnamenska sponka za tok<\/h2>\n<p>Predstavljamo Ulticlip XL, prvo ve\u010dnamensko sponko za tok in zaklepno jekleno zanko za pas na svetu. Ta inovativna naprava ponuja neprimerljivo vsestranskost za no\u0161enje tokov, no\u017enic za no\u017ee in dodatkov.<\/p>\n<ul>\n<li>Dvojna funkcionalnost: Uporabite kot sponko za tok ali zanko za pas<\/li>\n<li>Zdru\u017eljivo z IWB in OWB no\u0161enjem<\/li>\n<li>Vgrajen ve\u010dnamenski klju\u010d (1\/4&#8243;, 5\/16&#8243;, 3\/8&#8243;) in ploski izvija\u010d<\/li>\n<li>Ve\u010d pritrdilnih to\u010dk za razli\u010dne izdelke<\/li>\n<li>Zaklepna jeklena zanka za pasove \u0161irine 1,5&#8243; (do 3\/8&#8243; debeline)<\/li>\n<li>Voja\u0161ka \u010drna oksidna prevleka<\/li>\n<li>Konstrukcija iz toplotno obdelanega vzmetnega jekla 1075 in 1050<\/li>\n<li>Velikost: 3,5&#8243; x 7\/8&#8243;, Te\u017ea: 1,37 oz.<\/li>\n<\/ul>\n<p>Izkusite ultimativno re\u0161itev za no\u0161enje z Ulticlip XL!<\/p>\n<\/div>\n","protected":false},"excerpt":{"rendered":"<p>Ulticlip XL: Ve\u010dnamenski zaponka za tok in zaklepna pasna zanka za vsestranski prenos.<\/p>\n","protected":false},"featured_media":23005,"template":"","meta":{"_acf_changed":false},"product_brand":[],"product_cat":[13470,13450],"product_tag":[],"class_list":{"0":"post-45461","1":"product","2":"type-product","3":"status-publish","4":"has-post-thumbnail","6":"product_cat-dodatki-za-toke","7":"product_cat-oprema","9":"first","10":"instock","11":"taxable","12":"shipping-taxable","13":"purchasable","14":"product-type-simple"},"acf":[],"_links":{"self":[{"href":"https:\/\/staging.nbg.eu\/sl\/wp-json\/wp\/v2\/product\/45461","targetHints":{"allow":["GET"]}}],"collection":[{"href":"https:\/\/staging.nbg.eu\/sl\/wp-json\/wp\/v2\/product"}],"about":[{"href":"https:\/\/staging.nbg.eu\/sl\/wp-json\/wp\/v2\/types\/product"}],"wp:featuredmedia":[{"embeddable":true,"href":"https:\/\/staging.nbg.eu\/sl\/wp-json\/wp\/v2\/media\/23005"}],"wp:attachment":[{"href":"https:\/\/staging.nbg.eu\/sl\/wp-json\/wp\/v2\/media?parent=45461"}],"wp:term":[{"taxonomy":"product_brand","embeddable":true,"href":"https:\/\/staging.nbg.eu\/sl\/wp-json\/wp\/v2\/product_brand?post=45461"},{"taxonomy":"product_cat","embeddable":true,"href":"https:\/\/staging.nbg.eu\/sl\/wp-json\/wp\/v2\/product_cat?post=45461"},{"taxonomy":"product_tag","embeddable":true,"href":"https:\/\/staging.nbg.eu\/sl\/wp-json\/wp\/v2\/product_tag?post=45461"}],"curies":[{"name":"wp","href":"https:\/\/api.w.org\/{rel}","templated":true}]}}