{"id":45359,"date":"2024-08-16T18:05:19","date_gmt":"2024-08-16T18:05:19","guid":{"rendered":"https:\/\/staging.nbg.eu\/product\/calypso-mini-weather-station-45m-s\/"},"modified":"2024-10-16T09:36:14","modified_gmt":"2024-10-16T09:36:14","slug":"calypso-weather-dot","status":"publish","type":"product","link":"https:\/\/staging.nbg.eu\/sl\/izdelek\/calypso-weather-dot\/","title":{"rendered":"Calypso Weather DOT"},"content":{"rendered":"<h2>Calypso Mini 45m\/s ultrazvo\u010dni anemometer<\/h2>\n<p>Predstavljamo Calypso Mini 45m\/s, kompaktno in vsestransko re\u0161itev za merjenje vetra. Ta miniaturni ultrazvo\u010dni anemometer in vetrokaz zdru\u017euje najsodobnej\u0161o tehnologijo s prenosljivostjo.<\/p>\n<h2>Klju\u010dne lastnosti:<\/h2>\n<ul>\n<li>Bluetooth povezljivost za enostavno bele\u017eenje podatkov<\/li>\n<li>Baterijsko napajanje z brez\u017ei\u010dnim QI polnjenjem<\/li>\n<li>Ultrazvo\u010dni senzorji za robustno in zanesljivo delovanje<\/li>\n<li>Meri tako hitrost kot smer vetra<\/li>\n<li>Kompaktna velikost: samo 43 mm v premeru<\/li>\n<li>1\/4&#8243; \u017eenski navoj za pritrditev na stojalo<\/li>\n<li>Zdru\u017eljiv z aplikacijo Anemotracker<\/li>\n<li>Na voljo je dodatna oprema za pritrditev telefona<\/li>\n<\/ul>\n<p>Calypso Mini 45m\/s je popoln za razli\u010dne industrije in aplikacije ter ponuja profesionalne meritve vetra v ro\u010dni napravi. Njegova brez\u017ei\u010dna zasnova in zdru\u017eljivost z NMEA prehodi ga naredita idealno izbiro tako za samostojno uporabo kot za vklju\u010ditev v obstoje\u010de sisteme.<\/p>\n","protected":false},"excerpt":{"rendered":"<p>Kompakten, Bluetooth anemometer meri hitrost\/smer vetra. Omogo\u010da povezavo z aplikacijo.<\/p>\n","protected":false},"featured_media":101837,"template":"","meta":{"_acf_changed":false},"product_brand":[11181],"product_cat":[13425,13486],"product_tag":[],"class_list":{"0":"post-45359","1":"product","2":"type-product","3":"status-publish","4":"has-post-thumbnail","6":"product_brand-calypso","7":"product_cat-meteoroloski-merilniki","8":"product_cat-orodja","10":"first","11":"instock","12":"taxable","13":"shipping-taxable","14":"purchasable","15":"product-type-simple"},"acf":[],"_links":{"self":[{"href":"https:\/\/staging.nbg.eu\/sl\/wp-json\/wp\/v2\/product\/45359","targetHints":{"allow":["GET"]}}],"collection":[{"href":"https:\/\/staging.nbg.eu\/sl\/wp-json\/wp\/v2\/product"}],"about":[{"href":"https:\/\/staging.nbg.eu\/sl\/wp-json\/wp\/v2\/types\/product"}],"wp:featuredmedia":[{"embeddable":true,"href":"https:\/\/staging.nbg.eu\/sl\/wp-json\/wp\/v2\/media\/101837"}],"wp:attachment":[{"href":"https:\/\/staging.nbg.eu\/sl\/wp-json\/wp\/v2\/media?parent=45359"}],"wp:term":[{"taxonomy":"product_brand","embeddable":true,"href":"https:\/\/staging.nbg.eu\/sl\/wp-json\/wp\/v2\/product_brand?post=45359"},{"taxonomy":"product_cat","embeddable":true,"href":"https:\/\/staging.nbg.eu\/sl\/wp-json\/wp\/v2\/product_cat?post=45359"},{"taxonomy":"product_tag","embeddable":true,"href":"https:\/\/staging.nbg.eu\/sl\/wp-json\/wp\/v2\/product_tag?post=45359"}],"curies":[{"name":"wp","href":"https:\/\/api.w.org\/{rel}","templated":true}]}}