{"id":45337,"date":"2024-08-16T18:09:38","date_gmt":"2024-08-16T18:09:38","guid":{"rendered":"https:\/\/staging.nbg.eu\/product\/weather-dot\/"},"modified":"2024-10-16T09:42:51","modified_gmt":"2024-10-16T09:42:51","slug":"premijska-zanka-za-varnost-pasu","status":"publish","type":"product","link":"https:\/\/staging.nbg.eu\/sl\/izdelek\/premijska-zanka-za-varnost-pasu\/","title":{"rendered":"Premijska zanka za varnost pasu"},"content":{"rendered":"<div class=\"product-description\">\n<h2>WeatherDot: Prenosna vremenska postaja<\/h2>\n<p>Do\u017eivite natan\u010dno spremljanje vremena z WeatherDot, va\u0161o kompaktno in vsestransko vremensko postajo. Ta lahka naprava s senzorji za temperaturo, tlak in vla\u017enost ponuja:<\/p>\n<ul>\n<li>Bluetooth povezljivost<\/li>\n<li>Shranjevanje 24.000 podatkovnih to\u010dk<\/li>\n<li>Zdru\u017eljivost s stojalom<\/li>\n<li>400-urno \u017eivljenjsko dobo baterije z brez\u017ei\u010dnim QI polnjenjem<\/li>\n<li>Zdru\u017eljivost z brezpla\u010dno aplikacijo Anemotracker (iOS\/Android)<\/li>\n<\/ul>\n<p>Odli\u010dna za samostojno uporabo ali v kombinaciji z na\u0161im ultrazvo\u010dnim prenosnim mini merilnikom vetra. Paket vklju\u010duje napravo WeatherDot, brez\u017ei\u010dni polnilnik QI z USB kablom in hitri uporabni\u0161ki priro\u010dnik.<\/p>\n<p>Bodite obve\u0161\u010deni o svojem okolju z WeatherDot \u2013 va\u0161im prenosnim vremenskim spremljevalcem!<\/p>\n<\/div>\n","protected":false},"excerpt":{"rendered":"<p>Prenosna vremenska postaja: temperatura, tlak, vla\u017enost. Bluetooth, zdru\u017eljiva z aplikacijo.<\/p>\n","protected":false},"featured_media":102252,"template":"","meta":{"_acf_changed":false},"product_brand":[11178],"product_cat":[13425,13486],"product_tag":[],"class_list":{"0":"post-45337","1":"product","2":"type-product","3":"status-publish","4":"has-post-thumbnail","6":"product_brand-calypso","7":"product_cat-meteoroloski-merilniki","8":"product_cat-orodja","10":"first","11":"outofstock","12":"taxable","13":"shipping-taxable","14":"purchasable","15":"product-type-simple"},"acf":[],"_links":{"self":[{"href":"https:\/\/staging.nbg.eu\/sl\/wp-json\/wp\/v2\/product\/45337","targetHints":{"allow":["GET"]}}],"collection":[{"href":"https:\/\/staging.nbg.eu\/sl\/wp-json\/wp\/v2\/product"}],"about":[{"href":"https:\/\/staging.nbg.eu\/sl\/wp-json\/wp\/v2\/types\/product"}],"wp:featuredmedia":[{"embeddable":true,"href":"https:\/\/staging.nbg.eu\/sl\/wp-json\/wp\/v2\/media\/102252"}],"wp:attachment":[{"href":"https:\/\/staging.nbg.eu\/sl\/wp-json\/wp\/v2\/media?parent=45337"}],"wp:term":[{"taxonomy":"product_brand","embeddable":true,"href":"https:\/\/staging.nbg.eu\/sl\/wp-json\/wp\/v2\/product_brand?post=45337"},{"taxonomy":"product_cat","embeddable":true,"href":"https:\/\/staging.nbg.eu\/sl\/wp-json\/wp\/v2\/product_cat?post=45337"},{"taxonomy":"product_tag","embeddable":true,"href":"https:\/\/staging.nbg.eu\/sl\/wp-json\/wp\/v2\/product_tag?post=45337"}],"curies":[{"name":"wp","href":"https:\/\/api.w.org\/{rel}","templated":true}]}}