{"id":45164,"date":"2024-08-18T09:26:36","date_gmt":"2024-08-18T09:26:36","guid":{"rendered":"https:\/\/staging.nbg.eu\/product\/daa-magnet-cover\/"},"modified":"2024-09-10T12:58:16","modified_gmt":"2024-09-10T12:58:16","slug":"dillon-precision-daa-223-lijak-za-hiter-pretok-prahu","status":"publish","type":"product","link":"https:\/\/staging.nbg.eu\/sl\/izdelek\/dillon-precision-daa-223-lijak-za-hiter-pretok-prahu\/","title":{"rendered":"Dillon Precision &#8211; Daa .223 lijak za hiter pretok prahu"},"content":{"rendered":"<p>\nDAA magnetni pokrov: Eleganten, trpe\u017een najlonski pokrov za 48-milimetrske magnete. Ima magnetni jekleni logotip DAA. Zmanj\u0161uje ne\u017eeleno magnetno privla\u010dnost, hkrati pa ohranja funkcionalnost.<\/p>\n","protected":false},"excerpt":{"rendered":"<p>Elegantna, za\u0161\u010ditna prevleka za 48 mm magnete DAA. Zmanj\u0161uje magnetni vlek.<\/p>\n","protected":false},"featured_media":26131,"template":"","meta":{"_acf_changed":false},"product_brand":[11274],"product_cat":[13470,13437],"product_tag":[],"class_list":{"0":"post-45164","1":"product","2":"type-product","3":"status-publish","4":"has-post-thumbnail","6":"product_brand-doublealpha","7":"product_cat-dodatki-za-toke","8":"product_cat-kabura","10":"first","11":"instock","12":"taxable","13":"shipping-taxable","14":"purchasable","15":"product-type-simple"},"acf":[],"_links":{"self":[{"href":"https:\/\/staging.nbg.eu\/sl\/wp-json\/wp\/v2\/product\/45164","targetHints":{"allow":["GET"]}}],"collection":[{"href":"https:\/\/staging.nbg.eu\/sl\/wp-json\/wp\/v2\/product"}],"about":[{"href":"https:\/\/staging.nbg.eu\/sl\/wp-json\/wp\/v2\/types\/product"}],"wp:featuredmedia":[{"embeddable":true,"href":"https:\/\/staging.nbg.eu\/sl\/wp-json\/wp\/v2\/media\/26131"}],"wp:attachment":[{"href":"https:\/\/staging.nbg.eu\/sl\/wp-json\/wp\/v2\/media?parent=45164"}],"wp:term":[{"taxonomy":"product_brand","embeddable":true,"href":"https:\/\/staging.nbg.eu\/sl\/wp-json\/wp\/v2\/product_brand?post=45164"},{"taxonomy":"product_cat","embeddable":true,"href":"https:\/\/staging.nbg.eu\/sl\/wp-json\/wp\/v2\/product_cat?post=45164"},{"taxonomy":"product_tag","embeddable":true,"href":"https:\/\/staging.nbg.eu\/sl\/wp-json\/wp\/v2\/product_tag?post=45164"}],"curies":[{"name":"wp","href":"https:\/\/api.w.org\/{rel}","templated":true}]}}