{"id":45142,"date":"2024-08-18T09:27:28","date_gmt":"2024-09-10T12:42:37","guid":{"rendered":"https:\/\/staging.nbg.eu\/product\/dillon-precision-daa-223-fast-flow-powder-funnel\/"},"modified":"2024-09-10T12:43:28","modified_gmt":"2024-09-10T12:43:28","slug":"stegenska-blazinica-za-flex-alpha-x-racer-x-futrole","status":"publish","type":"product","link":"https:\/\/staging.nbg.eu\/sl\/izdelek\/stegenska-blazinica-za-flex-alpha-x-racer-x-futrole\/","title":{"rendered":"Stegenska blazinica za Flex \/ Alpha-X \/ Racer-X futrole"},"content":{"rendered":"<div class=\"product-description\">\n<h2>Dillon Precision &#8211; DAA .223 Lijak za hitro polnjenje smodnika<\/h2>\n<p>Izbolj\u0161ajte va\u0161o izku\u0161njo polnjenja .223 nabojev z DAA .223 lijakom za hitro polnjenje. Zasnovan v sodelovanju z in\u017eenirjem letalskih sistemov Andrewom Murrellom, CSEP, ta lijak izbolj\u0161a konsistentnost pretoka smodnika in zmanj\u0161uje zastoje pali\u010dastih ali kosmi\u010dastih smodnikov.<\/p>\n<ul>\n<li>Izdelan iz nerjave\u010dega jekla SUS303<\/li>\n<li>Elektropolirana zrcalna povr\u0161ina<\/li>\n<li>Odli\u010dna odpornost proti rji in trpe\u017enost<\/li>\n<li>Edinstvena notranja oblika lijaka za bolj\u0161i pretok smodnika<\/li>\n<li>Zdru\u017eljiv z Dillon merilniki za smodnik<\/li>\n<\/ul>\n<p>Izkusite razliko z na\u0161im precizno izdelanim lijakom, ki se pona\u0161a z ozkim tolerancam in gladko povr\u0161ino za najbolj\u0161e delovanje in pretok smodnika.<\/p>\n<\/div>\n","protected":false},"excerpt":{"rendered":"<p>Poenostavljen lij za smodnik kalibra .223 za dosledno polnjenje brez zagozdenja.<\/p>\n","protected":false},"featured_media":26246,"template":"","meta":{"_acf_changed":false},"product_brand":[11274],"product_cat":[13479,13433],"product_tag":[],"class_list":{"0":"post-45142","1":"product","2":"type-product","3":"status-publish","4":"has-post-thumbnail","6":"product_brand-doublealpha","7":"product_cat-ponovno-polnjenje","8":"product_cat-pribor-za-polnjenje","10":"first","11":"instock","12":"taxable","13":"shipping-taxable","14":"purchasable","15":"product-type-simple"},"acf":[],"_links":{"self":[{"href":"https:\/\/staging.nbg.eu\/sl\/wp-json\/wp\/v2\/product\/45142","targetHints":{"allow":["GET"]}}],"collection":[{"href":"https:\/\/staging.nbg.eu\/sl\/wp-json\/wp\/v2\/product"}],"about":[{"href":"https:\/\/staging.nbg.eu\/sl\/wp-json\/wp\/v2\/types\/product"}],"wp:featuredmedia":[{"embeddable":true,"href":"https:\/\/staging.nbg.eu\/sl\/wp-json\/wp\/v2\/media\/26246"}],"wp:attachment":[{"href":"https:\/\/staging.nbg.eu\/sl\/wp-json\/wp\/v2\/media?parent=45142"}],"wp:term":[{"taxonomy":"product_brand","embeddable":true,"href":"https:\/\/staging.nbg.eu\/sl\/wp-json\/wp\/v2\/product_brand?post=45142"},{"taxonomy":"product_cat","embeddable":true,"href":"https:\/\/staging.nbg.eu\/sl\/wp-json\/wp\/v2\/product_cat?post=45142"},{"taxonomy":"product_tag","embeddable":true,"href":"https:\/\/staging.nbg.eu\/sl\/wp-json\/wp\/v2\/product_tag?post=45142"}],"curies":[{"name":"wp","href":"https:\/\/api.w.org\/{rel}","templated":true}]}}