{"id":45120,"date":"2024-08-18T09:27:48","date_gmt":"2024-09-10T12:34:45","guid":{"rendered":"https:\/\/staging.nbg.eu\/product\/thigh-pad-for-flex-alpha-x-racer-x-holsters\/"},"modified":"2024-09-10T12:35:35","modified_gmt":"2024-09-10T12:35:35","slug":"daa-drzalo-orodja-za-stiskalnico","status":"publish","type":"product","link":"https:\/\/staging.nbg.eu\/sl\/izdelek\/daa-drzalo-orodja-za-stiskalnico\/","title":{"rendered":"Daa dr\u017ealo orodja za stiskalnico"},"content":{"rendered":"<div class=\"product-description\">\n<h2>DAA Stegenski \u0160\u010ditnik za Flex \/ Alpha-X \/ Racer-X Toke<\/h2>\n<p>Izbolj\u0161ajte svojo strelsko izku\u0161njo z DAA Stegenskim \u0160\u010ditnikom, zdru\u017eljivim s tokami Alpha-X, Racer-X in FLEX. Ta vsestranski \u0161\u010ditnik ponuja:<\/p>\n<ul>\n<li>Enostavno namestitev &#8211; brez vijakov ali lepila<\/li>\n<li>Varno prileganje s pritrdilnimi jezi\u010dki<\/li>\n<li>Kompaktno, a u\u010dinkovito zasnovo<\/li>\n<li>Primeren za toke za desni\u010darje in levi\u010darje<\/li>\n<\/ul>\n<p>Preprosto potisnite Stegenski \u0160\u010ditnik \u010dez pasni pritrdilni del toke, dokler jezi\u010dki ne kliknejo na mesto. Odstranite ga tako, da povle\u010dete jezi\u010dke navzgor in ga snamete. Ta \u0161\u010ditnik je popoln dodatek va\u0161i Double-Alpha toki, ki zagotavlja dodatno udobje in stabilnost najbolj\u0161im strelcem po vsem svetu.<\/p>\n<\/div>\n","protected":false},"excerpt":{"rendered":"<p>\u0160\u010ditnik za stegno za Alpha-X\/Racer-X: Varen, udoben, brez potrebe po orodju.<\/p>\n","protected":false},"featured_media":26292,"template":"","meta":{"_acf_changed":false},"product_brand":[11274],"product_cat":[13470,13475],"product_tag":[],"class_list":{"0":"post-45120","1":"product","2":"type-product","3":"status-publish","4":"has-post-thumbnail","6":"product_brand-doublealpha","7":"product_cat-dodatki-za-toke","8":"product_cat-sportni-tok","10":"first","11":"instock","12":"taxable","13":"shipping-taxable","14":"purchasable","15":"product-type-simple"},"acf":[],"_links":{"self":[{"href":"https:\/\/staging.nbg.eu\/sl\/wp-json\/wp\/v2\/product\/45120","targetHints":{"allow":["GET"]}}],"collection":[{"href":"https:\/\/staging.nbg.eu\/sl\/wp-json\/wp\/v2\/product"}],"about":[{"href":"https:\/\/staging.nbg.eu\/sl\/wp-json\/wp\/v2\/types\/product"}],"wp:featuredmedia":[{"embeddable":true,"href":"https:\/\/staging.nbg.eu\/sl\/wp-json\/wp\/v2\/media\/26292"}],"wp:attachment":[{"href":"https:\/\/staging.nbg.eu\/sl\/wp-json\/wp\/v2\/media?parent=45120"}],"wp:term":[{"taxonomy":"product_brand","embeddable":true,"href":"https:\/\/staging.nbg.eu\/sl\/wp-json\/wp\/v2\/product_brand?post=45120"},{"taxonomy":"product_cat","embeddable":true,"href":"https:\/\/staging.nbg.eu\/sl\/wp-json\/wp\/v2\/product_cat?post=45120"},{"taxonomy":"product_tag","embeddable":true,"href":"https:\/\/staging.nbg.eu\/sl\/wp-json\/wp\/v2\/product_tag?post=45120"}],"curies":[{"name":"wp","href":"https:\/\/api.w.org\/{rel}","templated":true}]}}