{"id":45098,"date":"2024-08-18T09:28:23","date_gmt":"2024-08-18T09:28:23","guid":{"rendered":"https:\/\/staging.nbg.eu\/product\/daa-reloading-press-tool-holder\/"},"modified":"2024-09-10T12:29:55","modified_gmt":"2024-09-10T12:29:55","slug":"lynx-pas-mini-jeklen-prebijac","status":"publish","type":"product","link":"https:\/\/staging.nbg.eu\/sl\/izdelek\/lynx-pas-mini-jeklen-prebijac\/","title":{"rendered":"Lynx pas: mini jeklen prebija\u010d"},"content":{"rendered":"<div class=\"product-description\">\n<h2>DAA Dr\u017ealo za orodje za polnilno stiskalnico<\/h2>\n<p>Organizirajte svoje orodje za polnjenje s tem priro\u010dnim dr\u017ealom! Zasnovano za stiskalnice Dillon RL1100\/1050\/750\/650, se enostavno namesti na kvadratne ali okrogle cevi premera 1 palca.<\/p>\n<ul>\n<li>Trpe\u017ena konstrukcija iz najlona, oja\u010danega s steklenimi vlakni<\/li>\n<li>Gumijast premaz za privla\u010den videz<\/li>\n<li>Dr\u017ei 7 imbus klju\u010dev, klju\u010d za matrice in 3 dodatna orodja<\/li>\n<li>Velik prostor za shranjevanje manj\u0161ih delov<\/li>\n<li>Vgrajen magnet za dr\u017eanje kovinskih predmetov<\/li>\n<\/ul>\n<p>Izbolj\u0161ajte svojo opremo za polnjenje s tem vsestranskim dr\u017ealom za orodje! (Orodje ni vklju\u010deno)<\/p>\n<\/div>\n","protected":false},"excerpt":{"rendered":"<p>Vsestranski nosilec za monta\u017eo na stiskalnico za orodje in dele za polnjenje streliva.<\/p>\n","protected":false},"featured_media":26581,"template":"","meta":{"_acf_changed":false},"product_brand":[11274],"product_cat":[13479,13433],"product_tag":[],"class_list":{"0":"post-45098","1":"product","2":"type-product","3":"status-publish","4":"has-post-thumbnail","6":"product_brand-doublealpha","7":"product_cat-ponovno-polnjenje","8":"product_cat-pribor-za-polnjenje","10":"first","11":"outofstock","12":"taxable","13":"shipping-taxable","14":"purchasable","15":"product-type-simple"},"acf":[],"_links":{"self":[{"href":"https:\/\/staging.nbg.eu\/sl\/wp-json\/wp\/v2\/product\/45098","targetHints":{"allow":["GET"]}}],"collection":[{"href":"https:\/\/staging.nbg.eu\/sl\/wp-json\/wp\/v2\/product"}],"about":[{"href":"https:\/\/staging.nbg.eu\/sl\/wp-json\/wp\/v2\/types\/product"}],"wp:featuredmedia":[{"embeddable":true,"href":"https:\/\/staging.nbg.eu\/sl\/wp-json\/wp\/v2\/media\/26581"}],"wp:attachment":[{"href":"https:\/\/staging.nbg.eu\/sl\/wp-json\/wp\/v2\/media?parent=45098"}],"wp:term":[{"taxonomy":"product_brand","embeddable":true,"href":"https:\/\/staging.nbg.eu\/sl\/wp-json\/wp\/v2\/product_brand?post=45098"},{"taxonomy":"product_cat","embeddable":true,"href":"https:\/\/staging.nbg.eu\/sl\/wp-json\/wp\/v2\/product_cat?post=45098"},{"taxonomy":"product_tag","embeddable":true,"href":"https:\/\/staging.nbg.eu\/sl\/wp-json\/wp\/v2\/product_tag?post=45098"}],"curies":[{"name":"wp","href":"https:\/\/api.w.org\/{rel}","templated":true}]}}