{"id":45054,"date":"2024-08-18T09:29:43","date_gmt":"2024-08-18T09:29:43","guid":{"rendered":"https:\/\/staging.nbg.eu\/product\/daa-primer-tube-cap-5-pack\/"},"modified":"2024-09-10T12:24:17","modified_gmt":"2024-09-10T12:24:17","slug":"komplet-zaponk-lynx","status":"publish","type":"product","link":"https:\/\/staging.nbg.eu\/sl\/izdelek\/komplet-zaponk-lynx\/","title":{"rendered":"Komplet zaponk &#8211; Lynx"},"content":{"rendered":"<p>\n<strong>DAA pokrov\u010dki za cevke za netilke, komplet 5 kosov<\/strong><br \/>\nPrilagojeni silikonski gumijasti pokrov\u010dki za 8 mm cevke za netilke. Prepre\u010dujejo razlitje pri uporabi naprav za hitro polnjenje. Enostavna uporaba: potisnite gor, polo\u017eite plosko. Brez nereda z netilkami!<\/p>\n<ul>\n<li>Primerni za ve\u010dino cevk za polnjenje<\/li>\n<li>Zdru\u017eljivi z DAA Primer-Pro in drugimi polnilniki<\/li>\n<li>Barva: Rde\u010da<\/li>\n<li>Komplet 5 kosov<\/li>\n<\/ul>\n<p>Zavarujte svoje netilke s temi priro\u010dnimi pokrov\u010dki!<\/p>\n","protected":false},"excerpt":{"rendered":"<p>Varno shranjevanje 8-milimetrskih epruvet s preprostimi, proti razlitju odpornimi silikonskimi pokrov\u010dki.<\/p>\n","protected":false},"featured_media":26742,"template":"","meta":{"_acf_changed":false},"product_brand":[11274],"product_cat":[13479,13433],"product_tag":[],"class_list":{"0":"post-45054","1":"product","2":"type-product","3":"status-publish","4":"has-post-thumbnail","6":"product_brand-doublealpha","7":"product_cat-ponovno-polnjenje","8":"product_cat-pribor-za-polnjenje","10":"first","11":"outofstock","12":"taxable","13":"shipping-taxable","14":"purchasable","15":"product-type-simple"},"acf":[],"_links":{"self":[{"href":"https:\/\/staging.nbg.eu\/sl\/wp-json\/wp\/v2\/product\/45054","targetHints":{"allow":["GET"]}}],"collection":[{"href":"https:\/\/staging.nbg.eu\/sl\/wp-json\/wp\/v2\/product"}],"about":[{"href":"https:\/\/staging.nbg.eu\/sl\/wp-json\/wp\/v2\/types\/product"}],"wp:featuredmedia":[{"embeddable":true,"href":"https:\/\/staging.nbg.eu\/sl\/wp-json\/wp\/v2\/media\/26742"}],"wp:attachment":[{"href":"https:\/\/staging.nbg.eu\/sl\/wp-json\/wp\/v2\/media?parent=45054"}],"wp:term":[{"taxonomy":"product_brand","embeddable":true,"href":"https:\/\/staging.nbg.eu\/sl\/wp-json\/wp\/v2\/product_brand?post=45054"},{"taxonomy":"product_cat","embeddable":true,"href":"https:\/\/staging.nbg.eu\/sl\/wp-json\/wp\/v2\/product_cat?post=45054"},{"taxonomy":"product_tag","embeddable":true,"href":"https:\/\/staging.nbg.eu\/sl\/wp-json\/wp\/v2\/product_tag?post=45054"}],"curies":[{"name":"wp","href":"https:\/\/api.w.org\/{rel}","templated":true}]}}