{"id":45032,"date":"2024-08-18T09:29:56","date_gmt":"2024-09-10T12:18:25","guid":{"rendered":"https:\/\/staging.nbg.eu\/product\/buckle-kit-lynx\/"},"modified":"2024-09-10T12:19:11","modified_gmt":"2024-09-10T12:19:11","slug":"lynx-pasovna-zaponka-z-ragljo","status":"publish","type":"product","link":"https:\/\/staging.nbg.eu\/sl\/izdelek\/lynx-pasovna-zaponka-z-ragljo\/","title":{"rendered":"Lynx pasovna zaponka z ragljo"},"content":{"rendered":"<div class=\"product-description\">\n<h2>Komplet zaponke &#8211; Lynx<\/h2>\n<p>Nadgradite svoj pas Lynx z na\u0161im kompletom zaponke, pripravljenim za uporabo! Ta celovit paket vklju\u010duje:<\/p>\n<ul>\n<li>Popolnoma sestavljeno zaponko Lynx<\/li>\n<li>Kon\u010dni del pasu Lynx<\/li>\n<li>50 valjastih zati\u010dev za sestavo pasu<\/li>\n<li>Rezervni silikonski O-obro\u010d<\/li>\n<li>Po meri izdelano jekleno mini orodje za prebijanje<\/li>\n<\/ul>\n<p>Preprosto pritrdite vnaprej sestavljeno zaponko na va\u0161 pas Lynx za takoj\u0161njo uporabo. Na\u0161 komplet vsebuje vse, kar potrebujete za hitro in enostavno nadgradnjo pasu.<\/p>\n<\/div>\n","protected":false},"excerpt":{"rendered":"<p>Komplet sponk Lynx z orodjem za enostavno sestavljanje pasu, pripravljen za uporabo.<\/p>\n","protected":false},"featured_media":26788,"template":"","meta":{"_acf_changed":false},"product_brand":[11274],"product_cat":[13450,13453],"product_tag":[],"class_list":{"0":"post-45032","1":"product","2":"type-product","3":"status-publish","4":"has-post-thumbnail","6":"product_brand-doublealpha","7":"product_cat-oprema","8":"product_cat-sportni-pasovi","10":"first","11":"instock","12":"taxable","13":"shipping-taxable","14":"purchasable","15":"product-type-simple"},"acf":[],"_links":{"self":[{"href":"https:\/\/staging.nbg.eu\/sl\/wp-json\/wp\/v2\/product\/45032","targetHints":{"allow":["GET"]}}],"collection":[{"href":"https:\/\/staging.nbg.eu\/sl\/wp-json\/wp\/v2\/product"}],"about":[{"href":"https:\/\/staging.nbg.eu\/sl\/wp-json\/wp\/v2\/types\/product"}],"wp:featuredmedia":[{"embeddable":true,"href":"https:\/\/staging.nbg.eu\/sl\/wp-json\/wp\/v2\/media\/26788"}],"wp:attachment":[{"href":"https:\/\/staging.nbg.eu\/sl\/wp-json\/wp\/v2\/media?parent=45032"}],"wp:term":[{"taxonomy":"product_brand","embeddable":true,"href":"https:\/\/staging.nbg.eu\/sl\/wp-json\/wp\/v2\/product_brand?post=45032"},{"taxonomy":"product_cat","embeddable":true,"href":"https:\/\/staging.nbg.eu\/sl\/wp-json\/wp\/v2\/product_cat?post=45032"},{"taxonomy":"product_tag","embeddable":true,"href":"https:\/\/staging.nbg.eu\/sl\/wp-json\/wp\/v2\/product_tag?post=45032"}],"curies":[{"name":"wp","href":"https:\/\/api.w.org\/{rel}","templated":true}]}}