{"id":45010,"date":"2024-08-18T09:30:21","date_gmt":"2024-08-18T09:30:21","guid":{"rendered":"https:\/\/staging.nbg.eu\/product\/lynx-belt-ratchet-buckle\/"},"modified":"2024-09-10T12:03:26","modified_gmt":"2024-09-10T12:03:26","slug":"daa-kljuc-za-matice-1-za-kalupe","status":"publish","type":"product","link":"https:\/\/staging.nbg.eu\/sl\/izdelek\/daa-kljuc-za-matice-1-za-kalupe\/","title":{"rendered":"Daa klju\u010d za matice 1&#8243; za kalupe"},"content":{"rendered":"<div class=\"product-description\">\n<h2>DAA Lynx Pas z Zaponko na Zasko\u010dko<\/h2>\n<p>Nadgradite svojo strelsko opremo s sistemom DAA Lynx pas z zaponko na zasko\u010dko. Ta inovativna zaponka ponuja:<\/p>\n<ul>\n<li>Ve\u010djo prilagodljivost dol\u017eine za enostavno prilagajanje obla\u010dilom<\/li>\n<li>Hitro popu\u0161\u010danje in zategovanje med stopnjami<\/li>\n<li>Trpe\u017eno konstrukcijo iz jekla in aluminija<\/li>\n<li>23 mm \u0161irok gumijast trak s 16 cm razponom prilagajanja<\/li>\n<li>Dve predhodno izvrtani \u010drni povezavi z jeklenimi navojnimi vlo\u017eki<\/li>\n<\/ul>\n<p>Priporo\u010dena namestitev: spredaj, med tokom in prvim \u017eepom. Trak se lahko po \u017eelji skraj\u0161a in smer zaponke obrne. Izbolj\u0161ajte svoje strelske izku\u0161nje z ve\u010djim udobjem in priro\u010dnostjo!<\/p>\n<\/div>\n","protected":false},"excerpt":{"rendered":"<p>Zasko\u010dni zaklep za enostavno prilagajanje pasu in hitro zategovanje.<\/p>\n","protected":false},"featured_media":26880,"template":"","meta":{"_acf_changed":false},"product_brand":[11274],"product_cat":[13450,13453],"product_tag":[],"class_list":{"0":"post-45010","1":"product","2":"type-product","3":"status-publish","4":"has-post-thumbnail","6":"product_brand-doublealpha","7":"product_cat-oprema","8":"product_cat-sportni-pasovi","10":"first","11":"instock","12":"taxable","13":"shipping-taxable","14":"purchasable","15":"product-type-simple"},"acf":[],"_links":{"self":[{"href":"https:\/\/staging.nbg.eu\/sl\/wp-json\/wp\/v2\/product\/45010","targetHints":{"allow":["GET"]}}],"collection":[{"href":"https:\/\/staging.nbg.eu\/sl\/wp-json\/wp\/v2\/product"}],"about":[{"href":"https:\/\/staging.nbg.eu\/sl\/wp-json\/wp\/v2\/types\/product"}],"wp:featuredmedia":[{"embeddable":true,"href":"https:\/\/staging.nbg.eu\/sl\/wp-json\/wp\/v2\/media\/26880"}],"wp:attachment":[{"href":"https:\/\/staging.nbg.eu\/sl\/wp-json\/wp\/v2\/media?parent=45010"}],"wp:term":[{"taxonomy":"product_brand","embeddable":true,"href":"https:\/\/staging.nbg.eu\/sl\/wp-json\/wp\/v2\/product_brand?post=45010"},{"taxonomy":"product_cat","embeddable":true,"href":"https:\/\/staging.nbg.eu\/sl\/wp-json\/wp\/v2\/product_cat?post=45010"},{"taxonomy":"product_tag","embeddable":true,"href":"https:\/\/staging.nbg.eu\/sl\/wp-json\/wp\/v2\/product_tag?post=45010"}],"curies":[{"name":"wp","href":"https:\/\/api.w.org\/{rel}","templated":true}]}}