{"id":44988,"date":"2024-08-18T09:31:04","date_gmt":"2024-08-18T09:31:04","guid":{"rendered":"https:\/\/staging.nbg.eu\/product\/daa-1-die-box-end-wrench\/"},"modified":"2024-09-10T11:56:55","modified_gmt":"2024-09-10T11:56:55","slug":"dillon-daa-nastavljiv-gumb-za-prah-v2","status":"publish","type":"product","link":"https:\/\/staging.nbg.eu\/sl\/izdelek\/dillon-daa-nastavljiv-gumb-za-prah-v2\/","title":{"rendered":"Dillon &#8211; Daa nastavljiv gumb za prah V2"},"content":{"rendered":"<div class=\"product-description\">\n<h2>DAA 1&#8243; klju\u010d za matice z obro\u010dastim nastavkom<\/h2>\n<p>Ultimativna re\u0161itev za polnilce nabojev, ki se borijo z nastavitvami matric na utesnjenih orodnih glavah. Ta po meri izdelan, lasersko izrezan klju\u010d iz nerjave\u010dega jekla ponuja:<\/p>\n<ul>\n<li>Tanka zasnova za enostaven dostop med matricami<\/li>\n<li>Ve\u010d \u010deljusti za optimalno pozicioniranje<\/li>\n<li>Trpe\u017ena konstrukcija za do\u017eivljenjsko uporabo<\/li>\n<li>Natan\u010dno izdelan za 1&#8243; matice<\/li>\n<\/ul>\n<p>Nadgradite svojo opremo za polnjenje nabojev s tem nujnim orodjem, zasnovanim za hitro in enostavno nastavljanje matric. Zdru\u017eljiv s standardnimi 1&#8243; maticami za matrice, kar zagotavlja najve\u010djo vsestranskost in priro\u010dnost.<\/p>\n<\/div>\n","protected":false},"excerpt":{"rendered":"<p>DAA 1-pal\u010dni klju\u010d za matrico: Tanek, mo\u010dan, vsestranski. Enostaven dostop za polnilce nabojev.<\/p>\n","protected":false},"featured_media":27018,"template":"","meta":{"_acf_changed":false},"product_brand":[11274],"product_cat":[13479,13433],"product_tag":[],"class_list":{"0":"post-44988","1":"product","2":"type-product","3":"status-publish","4":"has-post-thumbnail","6":"product_brand-doublealpha","7":"product_cat-ponovno-polnjenje","8":"product_cat-pribor-za-polnjenje","10":"first","11":"outofstock","12":"taxable","13":"shipping-taxable","14":"purchasable","15":"product-type-simple"},"acf":[],"_links":{"self":[{"href":"https:\/\/staging.nbg.eu\/sl\/wp-json\/wp\/v2\/product\/44988","targetHints":{"allow":["GET"]}}],"collection":[{"href":"https:\/\/staging.nbg.eu\/sl\/wp-json\/wp\/v2\/product"}],"about":[{"href":"https:\/\/staging.nbg.eu\/sl\/wp-json\/wp\/v2\/types\/product"}],"wp:featuredmedia":[{"embeddable":true,"href":"https:\/\/staging.nbg.eu\/sl\/wp-json\/wp\/v2\/media\/27018"}],"wp:attachment":[{"href":"https:\/\/staging.nbg.eu\/sl\/wp-json\/wp\/v2\/media?parent=44988"}],"wp:term":[{"taxonomy":"product_brand","embeddable":true,"href":"https:\/\/staging.nbg.eu\/sl\/wp-json\/wp\/v2\/product_brand?post=44988"},{"taxonomy":"product_cat","embeddable":true,"href":"https:\/\/staging.nbg.eu\/sl\/wp-json\/wp\/v2\/product_cat?post=44988"},{"taxonomy":"product_tag","embeddable":true,"href":"https:\/\/staging.nbg.eu\/sl\/wp-json\/wp\/v2\/product_tag?post=44988"}],"curies":[{"name":"wp","href":"https:\/\/api.w.org\/{rel}","templated":true}]}}