{"id":44966,"date":"2024-08-18T09:31:20","date_gmt":"2024-08-18T09:31:20","guid":{"rendered":"https:\/\/staging.nbg.eu\/product\/dillon-daa-click-adjustable-powder-knob-v2\/"},"modified":"2024-09-10T11:51:22","modified_gmt":"2024-09-10T11:51:22","slug":"daa-komplet-imbusnih-kljucev-za-polnjenje","status":"publish","type":"product","link":"https:\/\/staging.nbg.eu\/sl\/izdelek\/daa-komplet-imbusnih-kljucev-za-polnjenje\/","title":{"rendered":"Daa komplet imbusnih klju\u010dev za polnjenje"},"content":{"rendered":"<div class=\"product-description\">\n<h2>Dillon &#8211; DAA Klik-Nastavljiv Gumb za Smodnik V2<\/h2>\n<p>Nadgradite svojo izku\u0161njo ponovnega polnjenja z DAA Klik-Nastavljivim Gumbom za Smodnik V2, izbolj\u0161ano drugo generacijo ponudbe DAA. Ta precizno izdelan gumb ima naslednje lastnosti:<\/p>\n<ul>\n<li>Dvodelna aluminijasta konstrukcija za enostavno sestavljanje<\/li>\n<li>32mm okrogel, strojno obdelan aluminijast gumb z laserskim graviranjem<\/li>\n<li>Narebren zunanji rob za bolj\u0161i oprijem in nadzor<\/li>\n<li>Sli\u0161ni kliki za natan\u010dne 18-stopinjske prilagoditve<\/li>\n<li>20 klikov na obrat za natan\u010den nadzor naboja smodnika<\/li>\n<li>Lasersko gravirana \u0161tevil\u010dnica, ki prikazuje pove\u010danje\/zmanj\u0161anje naboja<\/li>\n<li>Zdru\u017eljiv z majhnimi Dillonovimi ro\u010dicami za naboj (ni primeren za velike pu\u0161karske ro\u010dice za naboj)<\/li>\n<\/ul>\n<p>Brez napora namestite in prilagodite svoje naboje smodnika s tem elegantnim, funkcionalnim in uporabniku prijaznim gumbom. Nadgradite svojo opremo za ponovno polnjenje \u0161e danes!<\/p>\n<\/div>\n","protected":false},"excerpt":{"rendered":"<p>Natan\u010dna in enostavna za uporabo nastavitev koli\u010dine smodnika za Dillon stiskalnice.<\/p>\n","protected":false},"featured_media":27064,"template":"","meta":{"_acf_changed":false},"product_brand":[11274],"product_cat":[13479,13433],"product_tag":[],"class_list":{"0":"post-44966","1":"product","2":"type-product","3":"status-publish","4":"has-post-thumbnail","6":"product_brand-doublealpha","7":"product_cat-ponovno-polnjenje","8":"product_cat-pribor-za-polnjenje","10":"first","11":"outofstock","12":"taxable","13":"shipping-taxable","14":"purchasable","15":"product-type-simple"},"acf":[],"_links":{"self":[{"href":"https:\/\/staging.nbg.eu\/sl\/wp-json\/wp\/v2\/product\/44966","targetHints":{"allow":["GET"]}}],"collection":[{"href":"https:\/\/staging.nbg.eu\/sl\/wp-json\/wp\/v2\/product"}],"about":[{"href":"https:\/\/staging.nbg.eu\/sl\/wp-json\/wp\/v2\/types\/product"}],"wp:featuredmedia":[{"embeddable":true,"href":"https:\/\/staging.nbg.eu\/sl\/wp-json\/wp\/v2\/media\/27064"}],"wp:attachment":[{"href":"https:\/\/staging.nbg.eu\/sl\/wp-json\/wp\/v2\/media?parent=44966"}],"wp:term":[{"taxonomy":"product_brand","embeddable":true,"href":"https:\/\/staging.nbg.eu\/sl\/wp-json\/wp\/v2\/product_brand?post=44966"},{"taxonomy":"product_cat","embeddable":true,"href":"https:\/\/staging.nbg.eu\/sl\/wp-json\/wp\/v2\/product_cat?post=44966"},{"taxonomy":"product_tag","embeddable":true,"href":"https:\/\/staging.nbg.eu\/sl\/wp-json\/wp\/v2\/product_tag?post=44966"}],"curies":[{"name":"wp","href":"https:\/\/api.w.org\/{rel}","templated":true}]}}