{"id":44944,"date":"2024-08-18T09:31:43","date_gmt":"2024-08-18T09:31:43","guid":{"rendered":"https:\/\/staging.nbg.eu\/product\/daa-reloading-hex-key-set\/"},"modified":"2024-09-10T11:36:06","modified_gmt":"2024-09-10T11:36:06","slug":"these-appear-to-already-be-in-slovenian-here-are-the-translations-maintained-as-they-are-product-names-already-in-slovenian","status":"publish","type":"product","link":"https:\/\/staging.nbg.eu\/sl\/izdelek\/these-appear-to-already-be-in-slovenian-here-are-the-translations-maintained-as-they-are-product-names-already-in-slovenian\/","title":{"rendered":"# These appear to already be in Slovenian. Here are the translations maintained as they are product names already in Slovenian:"},"content":{"rendered":"<p>Izbolj\u0161ajte svojo izku\u0161njo polnjenja streliva s kompletom \u0161estrobih klju\u010dev DAA Reloading. Ta 7-delni komplet dolgih imbus klju\u010dev s krogli\u010dno glavo vklju\u010duje:<\/p>\n<ul>\n<li>Vrhunsko izdelavo<\/li>\n<li>Svetlo rde\u010de vinilne prevleke na ramenih za bolj\u0161o vidljivost<\/li>\n<li>Popolno za Dillon in druge stiskalnice ameri\u0161ke izdelave<\/li>\n<li>Velikosti: 5\/64&#8243;, 3\/32&#8243;, 1\/8&#8243;, 9\/64&#8243;, 5\/32&#8243;, 3\/16&#8243;, 1\/4&#8243;<\/li>\n<\/ul>\n<p>Idealen spremljevalec za DAA dr\u017ealo orodja za stiskalnice za polnjenje streliva.<\/p>\n","protected":false},"excerpt":{"rendered":"<p>7-delni komplet imbus klju\u010dev s krogli\u010dno glavo za ameri\u0161ke stiskalnice za ponovno polnjenje. Rde\u010da vinilna prevleka.<\/p>\n","protected":false},"featured_media":27156,"template":"","meta":{"_acf_changed":false},"product_brand":[11274],"product_cat":[13479,13433],"product_tag":[],"class_list":{"0":"post-44944","1":"product","2":"type-product","3":"status-publish","4":"has-post-thumbnail","6":"product_brand-doublealpha","7":"product_cat-ponovno-polnjenje","8":"product_cat-pribor-za-polnjenje","10":"first","11":"outofstock","12":"taxable","13":"shipping-taxable","14":"purchasable","15":"product-type-simple"},"acf":[],"_links":{"self":[{"href":"https:\/\/staging.nbg.eu\/sl\/wp-json\/wp\/v2\/product\/44944","targetHints":{"allow":["GET"]}}],"collection":[{"href":"https:\/\/staging.nbg.eu\/sl\/wp-json\/wp\/v2\/product"}],"about":[{"href":"https:\/\/staging.nbg.eu\/sl\/wp-json\/wp\/v2\/types\/product"}],"wp:featuredmedia":[{"embeddable":true,"href":"https:\/\/staging.nbg.eu\/sl\/wp-json\/wp\/v2\/media\/27156"}],"wp:attachment":[{"href":"https:\/\/staging.nbg.eu\/sl\/wp-json\/wp\/v2\/media?parent=44944"}],"wp:term":[{"taxonomy":"product_brand","embeddable":true,"href":"https:\/\/staging.nbg.eu\/sl\/wp-json\/wp\/v2\/product_brand?post=44944"},{"taxonomy":"product_cat","embeddable":true,"href":"https:\/\/staging.nbg.eu\/sl\/wp-json\/wp\/v2\/product_cat?post=44944"},{"taxonomy":"product_tag","embeddable":true,"href":"https:\/\/staging.nbg.eu\/sl\/wp-json\/wp\/v2\/product_tag?post=44944"}],"curies":[{"name":"wp","href":"https:\/\/api.w.org\/{rel}","templated":true}]}}