{"id":44922,"date":"2024-08-18T09:32:43","date_gmt":"2024-08-18T09:32:43","guid":{"rendered":"https:\/\/staging.nbg.eu\/product\/daa-toolhead-led-lighting-controller-unit\/"},"modified":"2024-09-10T11:31:09","modified_gmt":"2024-09-10T11:31:09","slug":"daa-orodna-glava-led-osvetlitev-krmilna-enota","status":"publish","type":"product","link":"https:\/\/staging.nbg.eu\/sl\/izdelek\/daa-orodna-glava-led-osvetlitev-krmilna-enota\/","title":{"rendered":"Daa orodna glava LED osvetlitev krmilna enota"},"content":{"rendered":"<h2>DAA krmilna enota za LED osvetlitev orodne glave<\/h2>\n<p>Osvetlite svoj delovni prostor s preciznostjo! Ta vsestranski krmilnik napaja vse DAA LED lu\u010di za orodne glave, od 4-LED plo\u0161\u010d do 10-LED plo\u0161\u010d Mark7. Funkcije vklju\u010dujejo:<\/p>\n<ul>\n<li>Pametna elektronika za samodejno prepoznavanje plo\u0161\u010de<\/li>\n<li>Kompaktna zasnova z valj\u010dnim stikalom za vklop\/izklop in zatemnilnikom<\/li>\n<li>30 cm priklju\u010dni kabel<\/li>\n<li>Je\u017eek trak za enostavno pritrditev<\/li>\n<li>110\/220V napajalni adapter z 2M kablom in US\/EU vti\u010dem<\/li>\n<\/ul>\n<p>Optimizirajte svojo osvetlitveno postavitev s tem klju\u010dnim dodatkom!<\/p>\n","protected":false},"excerpt":{"rendered":"<p>Vsestranski LED krmilnik z mo\u017enostjo zatemnitve za osvetlitev stiskalnice za polnjenje nabojev.<\/p>\n","protected":false},"featured_media":27202,"template":"","meta":{"_acf_changed":false},"product_brand":[11274],"product_cat":[13479,13433],"product_tag":[],"class_list":{"0":"post-44922","1":"product","2":"type-product","3":"status-publish","4":"has-post-thumbnail","6":"product_brand-doublealpha","7":"product_cat-ponovno-polnjenje","8":"product_cat-pribor-za-polnjenje","10":"first","11":"outofstock","12":"taxable","13":"shipping-taxable","14":"purchasable","15":"product-type-simple"},"acf":[],"_links":{"self":[{"href":"https:\/\/staging.nbg.eu\/sl\/wp-json\/wp\/v2\/product\/44922","targetHints":{"allow":["GET"]}}],"collection":[{"href":"https:\/\/staging.nbg.eu\/sl\/wp-json\/wp\/v2\/product"}],"about":[{"href":"https:\/\/staging.nbg.eu\/sl\/wp-json\/wp\/v2\/types\/product"}],"wp:featuredmedia":[{"embeddable":true,"href":"https:\/\/staging.nbg.eu\/sl\/wp-json\/wp\/v2\/media\/27202"}],"wp:attachment":[{"href":"https:\/\/staging.nbg.eu\/sl\/wp-json\/wp\/v2\/media?parent=44922"}],"wp:term":[{"taxonomy":"product_brand","embeddable":true,"href":"https:\/\/staging.nbg.eu\/sl\/wp-json\/wp\/v2\/product_brand?post=44922"},{"taxonomy":"product_cat","embeddable":true,"href":"https:\/\/staging.nbg.eu\/sl\/wp-json\/wp\/v2\/product_cat?post=44922"},{"taxonomy":"product_tag","embeddable":true,"href":"https:\/\/staging.nbg.eu\/sl\/wp-json\/wp\/v2\/product_tag?post=44922"}],"curies":[{"name":"wp","href":"https:\/\/api.w.org\/{rel}","templated":true}]}}