{"id":44900,"date":"2024-08-18T09:33:06","date_gmt":"2024-08-18T09:33:06","guid":{"rendered":"https:\/\/staging.nbg.eu\/product\/daa-hard-case-medium-300\/"},"modified":"2024-09-10T11:27:15","modified_gmt":"2024-09-10T11:27:15","slug":"daa-trdi-kovcek-srednji-300","status":"publish","type":"product","link":"https:\/\/staging.nbg.eu\/sl\/izdelek\/daa-trdi-kovcek-srednji-300\/","title":{"rendered":"Daa trdi kovcek srednji &#8211; 300"},"content":{"rendered":"<div class=\"product-description\">\n<h2>DAA Trdi Kov\u010dek Srednji &#8211; 300<\/h2>\n<p>IP67 certificiran DAA Trdi Kov\u010dek Srednji-300 nudi neprimerljivo za\u0161\u010dito za va\u0161e strelno oro\u017eje in dragoceno opremo. Zasnovan za trajnost in zanesljivost je ta kov\u010dek popoln za razli\u010dne uporabe, vklju\u010dno z mornarstvom, fotografijo, lovom in ve\u010d.<\/p>\n<h3>Klju\u010dne lastnosti:<\/h3>\n<ul>\n<li>Vodotesno tesnilo in samodejni ventil za sprostitev pritiska<\/li>\n<li>Dvojni zapahi in luknje za obe\u0161anko za varnost<\/li>\n<li>Zlo\u017eljiv sistem za zlaganje<\/li>\n<li>Pick N Pluck penasta notranjost za prilagojeno za\u0161\u010dito<\/li>\n<li>Na voljo v \u010drni ali oran\u017eni barvi<\/li>\n<\/ul>\n<h3>Specifikacije:<\/h3>\n<ul>\n<li>Zunanje dimenzije: 336 x 300 x 148 mm<\/li>\n<li>Notranje dimenzije: 300 x 225 x 132 mm<\/li>\n<li>Te\u017ea: 1,75 kg<\/li>\n<\/ul>\n<p>Idealen za prevoz strelnega oro\u017eja, DAA Trdi Kov\u010dek Srednji-300 zagotavlja, da va\u0161a dragocena oprema ostane varna in za\u0161\u010ditena v vsakem okolju.<\/p>\n<\/div>\n","protected":false},"excerpt":{"rendered":"<p>Trpe\u017een IP67 kov\u010dek za strelno oro\u017eje. Vodoodporen, odporen proti prahu in udarcem.<\/p>\n","protected":false},"featured_media":27225,"template":"","meta":{"_acf_changed":false},"product_brand":[11274],"product_cat":[13472,13450],"product_tag":[],"class_list":{"0":"post-44900","1":"product","2":"type-product","3":"status-publish","4":"has-post-thumbnail","6":"product_brand-doublealpha","7":"product_cat-kovcki-za-prenasanje","8":"product_cat-oprema","10":"first","11":"outofstock","12":"taxable","13":"shipping-taxable","14":"purchasable","15":"product-type-simple"},"acf":[],"_links":{"self":[{"href":"https:\/\/staging.nbg.eu\/sl\/wp-json\/wp\/v2\/product\/44900","targetHints":{"allow":["GET"]}}],"collection":[{"href":"https:\/\/staging.nbg.eu\/sl\/wp-json\/wp\/v2\/product"}],"about":[{"href":"https:\/\/staging.nbg.eu\/sl\/wp-json\/wp\/v2\/types\/product"}],"wp:featuredmedia":[{"embeddable":true,"href":"https:\/\/staging.nbg.eu\/sl\/wp-json\/wp\/v2\/media\/27225"}],"wp:attachment":[{"href":"https:\/\/staging.nbg.eu\/sl\/wp-json\/wp\/v2\/media?parent=44900"}],"wp:term":[{"taxonomy":"product_brand","embeddable":true,"href":"https:\/\/staging.nbg.eu\/sl\/wp-json\/wp\/v2\/product_brand?post=44900"},{"taxonomy":"product_cat","embeddable":true,"href":"https:\/\/staging.nbg.eu\/sl\/wp-json\/wp\/v2\/product_cat?post=44900"},{"taxonomy":"product_tag","embeddable":true,"href":"https:\/\/staging.nbg.eu\/sl\/wp-json\/wp\/v2\/product_tag?post=44900"}],"curies":[{"name":"wp","href":"https:\/\/api.w.org\/{rel}","templated":true}]}}