{"id":44878,"date":"2024-08-18T09:33:23","date_gmt":"2024-08-18T09:33:23","guid":{"rendered":"https:\/\/staging.nbg.eu\/product\/daa-toolhead-led-lighting-pcb-dillon-1050-1100\/"},"modified":"2024-09-10T11:21:51","modified_gmt":"2024-09-10T11:21:51","slug":"daa-orodna-glava-led-osvetlitev-tiskano-vezje-dillon-10501100","status":"publish","type":"product","link":"https:\/\/staging.nbg.eu\/sl\/izdelek\/daa-orodna-glava-led-osvetlitev-tiskano-vezje-dillon-10501100\/","title":{"rendered":"Daa orodna glava LED osvetlitev tiskano vezje &#8211; Dillon 1050\/1100"},"content":{"rendered":"<h2>DAA LED osvetlitvena PCB plo\u0161\u010da za glavo orodja &#8211; Dillon 1050\/1100<\/h2>\n<p>Izbolj\u0161ajte svojo izku\u0161njo polnjenja nabojev z DAA LED osvetlitveno PCB plo\u0161\u010do za glavo orodja za Dillon 1050\/1100. Ta visokokakovostna aluminijasta PCB plo\u0161\u010da vklju\u010duje:<\/p>\n<ul>\n<li>8 svetlih LED lu\u010di za popolno osvetlitev kro\u017ene plo\u0161\u010de<\/li>\n<li>Belo barvo za pove\u010dan odboj svetlobe<\/li>\n<li>Predhodno name\u0161\u010den dvostranski lepilni trak za enostavno namestitev<\/li>\n<li>Zdru\u017eljivost z DAA krmilno enoto (naprodaj lo\u010deno)<\/li>\n<li>Funkcijo zatemnitve za prilagodljivo osvetlitev<\/li>\n<\/ul>\n<p>Zmanj\u0161ajte naprezanje o\u010di in minimizirajte napake med polnjenjem nabojev. Racionalna zasnova omogo\u010da stro\u0161kovno u\u010dinkovito postavitev ve\u010d glav orodja. Zdru\u017eljivo z Dillon CP2000 glavo orodja (postaja 4 mora ostati prosta). Nadgradite svojo postajo za polnjenje nabojev \u0161e danes!<\/p>\n","protected":false},"excerpt":{"rendered":"<p>Svetla LED osvetlitev za Dillon 1050\/1100 polnjenje nabojev, izbolj\u0161a vidljivost.<\/p>\n","protected":false},"featured_media":27248,"template":"","meta":{"_acf_changed":false},"product_brand":[11274],"product_cat":[13479,13433],"product_tag":[],"class_list":{"0":"post-44878","1":"product","2":"type-product","3":"status-publish","4":"has-post-thumbnail","6":"product_brand-doublealpha","7":"product_cat-ponovno-polnjenje","8":"product_cat-pribor-za-polnjenje","10":"first","11":"outofstock","12":"taxable","13":"shipping-taxable","14":"purchasable","15":"product-type-simple"},"acf":[],"_links":{"self":[{"href":"https:\/\/staging.nbg.eu\/sl\/wp-json\/wp\/v2\/product\/44878","targetHints":{"allow":["GET"]}}],"collection":[{"href":"https:\/\/staging.nbg.eu\/sl\/wp-json\/wp\/v2\/product"}],"about":[{"href":"https:\/\/staging.nbg.eu\/sl\/wp-json\/wp\/v2\/types\/product"}],"wp:featuredmedia":[{"embeddable":true,"href":"https:\/\/staging.nbg.eu\/sl\/wp-json\/wp\/v2\/media\/27248"}],"wp:attachment":[{"href":"https:\/\/staging.nbg.eu\/sl\/wp-json\/wp\/v2\/media?parent=44878"}],"wp:term":[{"taxonomy":"product_brand","embeddable":true,"href":"https:\/\/staging.nbg.eu\/sl\/wp-json\/wp\/v2\/product_brand?post=44878"},{"taxonomy":"product_cat","embeddable":true,"href":"https:\/\/staging.nbg.eu\/sl\/wp-json\/wp\/v2\/product_cat?post=44878"},{"taxonomy":"product_tag","embeddable":true,"href":"https:\/\/staging.nbg.eu\/sl\/wp-json\/wp\/v2\/product_tag?post=44878"}],"curies":[{"name":"wp","href":"https:\/\/api.w.org\/{rel}","templated":true}]}}