{"id":44856,"date":"2024-08-18T09:33:44","date_gmt":"2024-08-18T09:33:44","guid":{"rendered":"https:\/\/staging.nbg.eu\/product\/pro-grip-lotion-2oz\/"},"modified":"2024-09-10T11:15:34","modified_gmt":"2024-09-10T11:15:34","slug":"pro-grip-losjon-2oz","status":"publish","type":"product","link":"https:\/\/staging.nbg.eu\/sl\/izdelek\/pro-grip-losjon-2oz\/","title":{"rendered":"Pro Grip losjon 2Oz"},"content":{"rendered":"<p>\nIzbolj\u0161ajte svojo strelsko zmogljivost z losjonom Pro Grip 2Oz. Zaupajo mu prvaki kot so Jerry Barnhart, Todd Jarrett in Saul Kirsch, ta priro\u010dno pakiran losjon presega u\u010dinkovitost kolofonije in krede. Do\u017eivite vrhunski oprijem, nadzor nad oro\u017ejem in hitrej\u0161e okrevanje. Nepogre\u0161ljiv dodatek v torbi vsakega strelca, Pro Grip je skrivno oro\u017eje za uspeh v akcijskem streljanju.<\/p>\n","protected":false},"excerpt":{"rendered":"<p>Pro Grip: Lotion, ki jo odobravajo prvaki, za vrhunski nadzor oro\u017eja.<\/p>\n","protected":false},"featured_media":27294,"template":"","meta":{"_acf_changed":false},"product_brand":[11274],"product_cat":[13470,13437,13450],"product_tag":[],"class_list":{"0":"post-44856","1":"product","2":"type-product","3":"status-publish","4":"has-post-thumbnail","6":"product_brand-doublealpha","7":"product_cat-dodatki-za-toke","8":"product_cat-kabura","9":"product_cat-oprema","11":"first","12":"instock","13":"taxable","14":"shipping-taxable","15":"purchasable","16":"product-type-simple"},"acf":[],"_links":{"self":[{"href":"https:\/\/staging.nbg.eu\/sl\/wp-json\/wp\/v2\/product\/44856","targetHints":{"allow":["GET"]}}],"collection":[{"href":"https:\/\/staging.nbg.eu\/sl\/wp-json\/wp\/v2\/product"}],"about":[{"href":"https:\/\/staging.nbg.eu\/sl\/wp-json\/wp\/v2\/types\/product"}],"wp:featuredmedia":[{"embeddable":true,"href":"https:\/\/staging.nbg.eu\/sl\/wp-json\/wp\/v2\/media\/27294"}],"wp:attachment":[{"href":"https:\/\/staging.nbg.eu\/sl\/wp-json\/wp\/v2\/media?parent=44856"}],"wp:term":[{"taxonomy":"product_brand","embeddable":true,"href":"https:\/\/staging.nbg.eu\/sl\/wp-json\/wp\/v2\/product_brand?post=44856"},{"taxonomy":"product_cat","embeddable":true,"href":"https:\/\/staging.nbg.eu\/sl\/wp-json\/wp\/v2\/product_cat?post=44856"},{"taxonomy":"product_tag","embeddable":true,"href":"https:\/\/staging.nbg.eu\/sl\/wp-json\/wp\/v2\/product_tag?post=44856"}],"curies":[{"name":"wp","href":"https:\/\/api.w.org\/{rel}","templated":true}]}}