{"id":44812,"date":"2024-08-18T09:35:16","date_gmt":"2024-08-18T09:35:16","guid":{"rendered":"https:\/\/staging.nbg.eu\/product\/daa-4-pack-magnetic-collars-for-primer-tube\/"},"modified":"2024-09-10T11:06:10","modified_gmt":"2024-09-10T11:06:10","slug":"daa-4-pak-magnetni-ovratniki-za-cev-vzigalnika","status":"publish","type":"product","link":"https:\/\/staging.nbg.eu\/sl\/izdelek\/daa-4-pak-magnetni-ovratniki-za-cev-vzigalnika\/","title":{"rendered":"Daa 4-pak magnetni ovratniki za cev vzigalnika"},"content":{"rendered":"<div class=\"product-description\">\n<h2>DAA 4-pakirni magnetni ovratniki za cevko za v\u017eigalnike<\/h2>\n<p>Izbolj\u0161ajte u\u010dinkovitost svojega ponovnega polnjenja z DAA 4-pakirnimi magnetnimi ovratniki, posebej zasnovanimi za uporabo z Dillonovimi cevkami za pobiranje in PRIMER-PRO razvr\u0161\u010devalnikom v\u017eigalnikov.<\/p>\n<ul>\n<li>Komplet vklju\u010duje 4 polimerne ovratnike z zavarovanimi magneti in nastavitvenimi vijaki<\/li>\n<li>Zdru\u017eljivi z Dillonovimi cevkami za v\u017eigalnike<\/li>\n<li>Idealni za pred\u010dasno polnjenje ve\u010d cevk pred sejami ponovnega polnjenja<\/li>\n<li>Odpravlja potrebo po pogostem vra\u010danju k enoti PRIMER-PRO<\/li>\n<li>Popolno dopolnilo k PRIMER-PRO, ki se dobavlja z enim magnetnim ovratnikom<\/li>\n<\/ul>\n<p><strong>Opomba:<\/strong> Cevke za v\u017eigalnike NISO vklju\u010dene.<\/p>\n<p>Optimizirajte svoj potek dela pri ponovnem polnjenju in prihranite \u010das s temi dodatnimi magnetnimi ovratniki, ki vam omogo\u010dajo vnaprej\u0161njo pripravo ve\u010d cevk za v\u017eigalnike.<\/p>\n<\/div>\n","protected":false},"excerpt":{"rendered":"<p>4 magnetni ovratniki za Dillonove cevke za netilke. Uporabite s PRIMER-PRO.<\/p>\n","protected":false},"featured_media":27363,"template":"","meta":{"_acf_changed":false},"product_brand":[11274],"product_cat":[13479,13433],"product_tag":[],"class_list":{"0":"post-44812","1":"product","2":"type-product","3":"status-publish","4":"has-post-thumbnail","6":"product_brand-doublealpha","7":"product_cat-ponovno-polnjenje","8":"product_cat-pribor-za-polnjenje","10":"first","11":"outofstock","12":"taxable","13":"shipping-taxable","14":"purchasable","15":"product-type-simple"},"acf":[],"_links":{"self":[{"href":"https:\/\/staging.nbg.eu\/sl\/wp-json\/wp\/v2\/product\/44812","targetHints":{"allow":["GET"]}}],"collection":[{"href":"https:\/\/staging.nbg.eu\/sl\/wp-json\/wp\/v2\/product"}],"about":[{"href":"https:\/\/staging.nbg.eu\/sl\/wp-json\/wp\/v2\/types\/product"}],"wp:featuredmedia":[{"embeddable":true,"href":"https:\/\/staging.nbg.eu\/sl\/wp-json\/wp\/v2\/media\/27363"}],"wp:attachment":[{"href":"https:\/\/staging.nbg.eu\/sl\/wp-json\/wp\/v2\/media?parent=44812"}],"wp:term":[{"taxonomy":"product_brand","embeddable":true,"href":"https:\/\/staging.nbg.eu\/sl\/wp-json\/wp\/v2\/product_brand?post=44812"},{"taxonomy":"product_cat","embeddable":true,"href":"https:\/\/staging.nbg.eu\/sl\/wp-json\/wp\/v2\/product_cat?post=44812"},{"taxonomy":"product_tag","embeddable":true,"href":"https:\/\/staging.nbg.eu\/sl\/wp-json\/wp\/v2\/product_tag?post=44812"}],"curies":[{"name":"wp","href":"https:\/\/api.w.org\/{rel}","templated":true}]}}