{"id":44742,"date":"2024-08-18T09:36:04","date_gmt":"2024-08-18T09:36:04","guid":{"rendered":"https:\/\/staging.nbg.eu\/product\/lynx-belt-buckle-roll-pins-50bag\/"},"modified":"2024-09-10T09:19:52","modified_gmt":"2024-09-10T09:19:52","slug":"lynx-pasni-zaponki-valjasti-zatic-50-kosov","status":"publish","type":"product","link":"https:\/\/staging.nbg.eu\/sl\/izdelek\/lynx-pasni-zaponki-valjasti-zatic-50-kosov\/","title":{"rendered":"Lynx pasni zaponki valjasti zatic (50 kosov)"},"content":{"rendered":"<p>\nNadomestni valj\u010dni zati\u010di za zaponke pasov Lynx. Paket 50 zati\u010dev. Nujni za sestavljanje in popravila pasu Lynx. Zagotovite varno prileganje va\u0161e zaponke Lynx.<\/p>\n","protected":false},"excerpt":{"rendered":"<p>Zati\u010di za zaponke pasu Lynx (50\/vre\u010dka): Dodatni zati\u010di za va\u0161e Lynx pasove.<\/p>\n","protected":false},"featured_media":27455,"template":"","meta":{"_acf_changed":false},"product_brand":[11274],"product_cat":[13450,13453],"product_tag":[],"class_list":{"0":"post-44742","1":"product","2":"type-product","3":"status-publish","4":"has-post-thumbnail","6":"product_brand-doublealpha","7":"product_cat-oprema","8":"product_cat-sportni-pasovi","10":"first","11":"instock","12":"taxable","13":"shipping-taxable","14":"purchasable","15":"product-type-simple"},"acf":[],"_links":{"self":[{"href":"https:\/\/staging.nbg.eu\/sl\/wp-json\/wp\/v2\/product\/44742","targetHints":{"allow":["GET"]}}],"collection":[{"href":"https:\/\/staging.nbg.eu\/sl\/wp-json\/wp\/v2\/product"}],"about":[{"href":"https:\/\/staging.nbg.eu\/sl\/wp-json\/wp\/v2\/types\/product"}],"wp:featuredmedia":[{"embeddable":true,"href":"https:\/\/staging.nbg.eu\/sl\/wp-json\/wp\/v2\/media\/27455"}],"wp:attachment":[{"href":"https:\/\/staging.nbg.eu\/sl\/wp-json\/wp\/v2\/media?parent=44742"}],"wp:term":[{"taxonomy":"product_brand","embeddable":true,"href":"https:\/\/staging.nbg.eu\/sl\/wp-json\/wp\/v2\/product_brand?post=44742"},{"taxonomy":"product_cat","embeddable":true,"href":"https:\/\/staging.nbg.eu\/sl\/wp-json\/wp\/v2\/product_cat?post=44742"},{"taxonomy":"product_tag","embeddable":true,"href":"https:\/\/staging.nbg.eu\/sl\/wp-json\/wp\/v2\/product_tag?post=44742"}],"curies":[{"name":"wp","href":"https:\/\/api.w.org\/{rel}","templated":true}]}}