{"id":44720,"date":"2024-08-18T09:36:21","date_gmt":"2024-08-18T09:36:21","guid":{"rendered":"https:\/\/staging.nbg.eu\/product\/ced-deluxe-quick-patch-tape-gun\/"},"modified":"2024-09-10T09:16:26","modified_gmt":"2024-09-10T09:16:26","slug":"ced-deluxe-hitri-lepilni-trak-pistola","status":"publish","type":"product","link":"https:\/\/staging.nbg.eu\/sl\/izdelek\/ced-deluxe-hitri-lepilni-trak-pistola\/","title":{"rendered":"Ced Deluxe hitri lepilni trak pistola"},"content":{"rendered":"<p>Predstavljamo CED Deluxe Quick Patch tra\u010dno pi\u0161tolo: Ultimativno re\u0161itev za krpanje lukenj na tar\u010dah!<\/p>\n<ul>\n<li>Hitrej\u0161e in la\u017eje od ro\u010dnega krpanja<\/li>\n<li>Zdru\u017eljivo z ve\u010dino polnomo\u010dnih obli\u017eev<\/li>\n<li>Preprosto delovanje s stiskom in sprostom<\/li>\n<li>Enostavno za merjenje, uporabo in polnjenje<\/li>\n<li>Pove\u010duje u\u010dinkovitost in prihrani \u010das<\/li>\n<li>Zabavno in preprosto za uporabo<\/li>\n<\/ul>\n<p>Nadgradite svoje streljanje v tar\u010do s CED Deluxe tra\u010dno pi\u0161tolo &#8211; vsestranskim orodjem za hitro in u\u010dinkovito krpanje!<\/p>\n","protected":false},"excerpt":{"rendered":"<p>U\u010dinkovito orodje za krpanje tar\u010d. Enostavno za uporabo, nalaganje in ciljanje. Zabavno!<\/p>\n","protected":false},"featured_media":27524,"template":"","meta":{"_acf_changed":false},"product_brand":[11274],"product_cat":[13448,13456,13481],"product_tag":[],"class_list":{"0":"post-44720","1":"product","2":"type-product","3":"status-publish","4":"has-post-thumbnail","6":"product_brand-doublealpha","7":"product_cat-oblizi-in-aplikatorji","8":"product_cat-papirnate-tarce","9":"product_cat-tarce","11":"first","12":"instock","13":"taxable","14":"shipping-taxable","15":"purchasable","16":"product-type-simple"},"acf":[],"_links":{"self":[{"href":"https:\/\/staging.nbg.eu\/sl\/wp-json\/wp\/v2\/product\/44720","targetHints":{"allow":["GET"]}}],"collection":[{"href":"https:\/\/staging.nbg.eu\/sl\/wp-json\/wp\/v2\/product"}],"about":[{"href":"https:\/\/staging.nbg.eu\/sl\/wp-json\/wp\/v2\/types\/product"}],"wp:featuredmedia":[{"embeddable":true,"href":"https:\/\/staging.nbg.eu\/sl\/wp-json\/wp\/v2\/media\/27524"}],"wp:attachment":[{"href":"https:\/\/staging.nbg.eu\/sl\/wp-json\/wp\/v2\/media?parent=44720"}],"wp:term":[{"taxonomy":"product_brand","embeddable":true,"href":"https:\/\/staging.nbg.eu\/sl\/wp-json\/wp\/v2\/product_brand?post=44720"},{"taxonomy":"product_cat","embeddable":true,"href":"https:\/\/staging.nbg.eu\/sl\/wp-json\/wp\/v2\/product_cat?post=44720"},{"taxonomy":"product_tag","embeddable":true,"href":"https:\/\/staging.nbg.eu\/sl\/wp-json\/wp\/v2\/product_tag?post=44720"}],"curies":[{"name":"wp","href":"https:\/\/api.w.org\/{rel}","templated":true}]}}