{"id":44676,"date":"2024-08-18T09:37:01","date_gmt":"2024-08-18T09:37:01","guid":{"rendered":"https:\/\/staging.nbg.eu\/product\/daa-carry-it-all-cia-backpack\/"},"modified":"2024-09-10T09:09:03","modified_gmt":"2024-09-10T09:09:03","slug":"daa-carry-it-all-cia-nahrbtnik","status":"publish","type":"product","link":"https:\/\/staging.nbg.eu\/sl\/izdelek\/daa-carry-it-all-cia-nahrbtnik\/","title":{"rendered":"Daa Carry It All (Cia) nahrbtnik"},"content":{"rendered":"<h2>DAA Carry It All (CIA) Nahrbtnik<\/h2>\n<p>Ultimativni spremljevalec na streli\u0161\u010du za predane IPSC strelce, Double-Alpha CIA nahrbtnik je zasnovan tako, da izpolni in prese\u017ee va\u0161a pri\u010dakovanja.<\/p>\n<h2>Klju\u010dne lastnosti:<\/h2>\n<ul>\n<li>Trpe\u017een material D600 Cordura z vodoodbojnimi lastnostmi<\/li>\n<li>Dno oblo\u017eeno s Hypalonom za dodatno za\u0161\u010dito<\/li>\n<li>Notranjost oblo\u017eena z je\u017ekom za prilagodljivo shranjevanje<\/li>\n<li>Odstranljiva sredi\u0161\u010dna pregrada<\/li>\n<li>Prostoren zgornji sprednji \u017eep za za\u0161\u010dito sluha<\/li>\n<li>Zunanji panel z je\u017ekom za personalizacijo<\/li>\n<li>MOLLE trakovi za dodatne pritrditve<\/li>\n<li>Udobni, snemljivi naramnici<\/li>\n<li>Ergonomska zasnova za optimalno porazdelitev te\u017ee<\/li>\n<\/ul>\n<h2>Specifikacije:<\/h2>\n<ul>\n<li>Dimenzije: 42\u0160 x 27G x 56V cm<\/li>\n<li>Prostornina: Pribli\u017eno 37L<\/li>\n<li>Te\u017ea: 2,8 kg<\/li>\n<li>Barva: \u010crna<\/li>\n<\/ul>\n<p>Do\u017eivite popolno kombinacijo vzdr\u017eljivosti, funkcionalnosti in udobja z DAA CIA nahrbtnikom \u2013 va\u0161o bistveno opremo za leta zanesljive uporabe na streli\u0161\u010du.<\/p>\n","protected":false},"excerpt":{"rendered":"<p>DAA CIA nahrbtnik: Trpe\u017ena, vsestranska torba za streli\u0161\u010de za IPSC strelce.<\/p>\n","protected":false},"featured_media":27777,"template":"","meta":{"_acf_changed":false},"product_brand":[11274],"product_cat":[13450,13496],"product_tag":[],"class_list":{"0":"post-44676","1":"product","2":"type-product","3":"status-publish","4":"has-post-thumbnail","6":"product_brand-doublealpha","7":"product_cat-oprema","8":"product_cat-torbe-za-strelisce","10":"first","11":"outofstock","12":"taxable","13":"shipping-taxable","14":"purchasable","15":"product-type-simple"},"acf":[],"_links":{"self":[{"href":"https:\/\/staging.nbg.eu\/sl\/wp-json\/wp\/v2\/product\/44676","targetHints":{"allow":["GET"]}}],"collection":[{"href":"https:\/\/staging.nbg.eu\/sl\/wp-json\/wp\/v2\/product"}],"about":[{"href":"https:\/\/staging.nbg.eu\/sl\/wp-json\/wp\/v2\/types\/product"}],"wp:featuredmedia":[{"embeddable":true,"href":"https:\/\/staging.nbg.eu\/sl\/wp-json\/wp\/v2\/media\/27777"}],"wp:attachment":[{"href":"https:\/\/staging.nbg.eu\/sl\/wp-json\/wp\/v2\/media?parent=44676"}],"wp:term":[{"taxonomy":"product_brand","embeddable":true,"href":"https:\/\/staging.nbg.eu\/sl\/wp-json\/wp\/v2\/product_brand?post=44676"},{"taxonomy":"product_cat","embeddable":true,"href":"https:\/\/staging.nbg.eu\/sl\/wp-json\/wp\/v2\/product_cat?post=44676"},{"taxonomy":"product_tag","embeddable":true,"href":"https:\/\/staging.nbg.eu\/sl\/wp-json\/wp\/v2\/product_tag?post=44676"}],"curies":[{"name":"wp","href":"https:\/\/api.w.org\/{rel}","templated":true}]}}