{"id":44632,"date":"2024-08-18T09:37:54","date_gmt":"2024-08-18T09:37:54","guid":{"rendered":"https:\/\/staging.nbg.eu\/product\/daa-primer-pickup-tubes-5-pack-small\/"},"modified":"2024-09-10T08:59:10","modified_gmt":"2024-09-10T08:59:10","slug":"daa-cevke-za-pobiranje-vzigalnikov-5-pak-mali","status":"publish","type":"product","link":"https:\/\/staging.nbg.eu\/sl\/izdelek\/daa-cevke-za-pobiranje-vzigalnikov-5-pak-mali\/","title":{"rendered":"Daa cevke za pobiranje vzigalnikov, 5-pak, mali"},"content":{"rendered":"<div class=\"product-description\">\n<h2>DAA Cevke za pobiranje netilk, 5 kosov, majhne<\/h2>\n<p>Izbolj\u0161ajte svojo izku\u0161njo ponovnega polnjenja z DAA cevkami za pobiranje netilk. Izdelane iz vrhunskega aluminija z uporabo namenskih ekstruzijskih orodij, te cevke ponujajo neprimerljivo natan\u010dnost in kon\u010dno obdelavo. Rde\u010da anodizirana kon\u010dna obdelava za majhne netilke zagotavlja enostavno prepoznavanje in dodaja eleganten videz.<\/p>\n<ul>\n<li>Ergonomski konec za pobiranje s \u0161ir\u0161im obmo\u010djem za oporo prstov prepre\u010duje utrujenost rok<\/li>\n<li>Preoblikovana konica z dvojnimi zobmi za varen prijem netilke<\/li>\n<li>Prosojni kon\u010dni deli za enostavno vidnost netilk<\/li>\n<li>Trdno prilegajo\u010di se kon\u010dni deli prepre\u010dujejo nenamerno odstranitev<\/li>\n<li>Dosledno notranje in zunanje posnemanje robov za optimalno podajanje<\/li>\n<\/ul>\n<p>Izkusite udobje in u\u010dinkovitost DAA cevk za pobiranje netilk v va\u0161em postopku ponovnega polnjenja. Nadgradite svojo opremo \u0161e danes!<\/p>\n<\/div>\n","protected":false},"excerpt":{"rendered":"<p>DAA cevke za pobiranje netilk: paket 5 kosov, majhne, rde\u010de anodizirani aluminij, ergonomska zasnova.<\/p>\n","protected":false},"featured_media":28053,"template":"","meta":{"_acf_changed":false},"product_brand":[11274],"product_cat":[13479,13433],"product_tag":[],"class_list":{"0":"post-44632","1":"product","2":"type-product","3":"status-publish","4":"has-post-thumbnail","6":"product_brand-doublealpha","7":"product_cat-ponovno-polnjenje","8":"product_cat-pribor-za-polnjenje","10":"first","11":"outofstock","12":"taxable","13":"shipping-taxable","14":"purchasable","15":"product-type-simple"},"acf":[],"_links":{"self":[{"href":"https:\/\/staging.nbg.eu\/sl\/wp-json\/wp\/v2\/product\/44632","targetHints":{"allow":["GET"]}}],"collection":[{"href":"https:\/\/staging.nbg.eu\/sl\/wp-json\/wp\/v2\/product"}],"about":[{"href":"https:\/\/staging.nbg.eu\/sl\/wp-json\/wp\/v2\/types\/product"}],"wp:featuredmedia":[{"embeddable":true,"href":"https:\/\/staging.nbg.eu\/sl\/wp-json\/wp\/v2\/media\/28053"}],"wp:attachment":[{"href":"https:\/\/staging.nbg.eu\/sl\/wp-json\/wp\/v2\/media?parent=44632"}],"wp:term":[{"taxonomy":"product_brand","embeddable":true,"href":"https:\/\/staging.nbg.eu\/sl\/wp-json\/wp\/v2\/product_brand?post=44632"},{"taxonomy":"product_cat","embeddable":true,"href":"https:\/\/staging.nbg.eu\/sl\/wp-json\/wp\/v2\/product_cat?post=44632"},{"taxonomy":"product_tag","embeddable":true,"href":"https:\/\/staging.nbg.eu\/sl\/wp-json\/wp\/v2\/product_tag?post=44632"}],"curies":[{"name":"wp","href":"https:\/\/api.w.org\/{rel}","templated":true}]}}