{"id":44580,"date":"2024-08-18T09:38:38","date_gmt":"2024-08-18T09:38:38","guid":{"rendered":"https:\/\/staging.nbg.eu\/product\/daa-primer-pro-collator-small-primer\/"},"modified":"2024-09-10T08:47:31","modified_gmt":"2024-09-10T08:47:31","slug":"daa-primer-pro-razvrscevalnik-mali-vzigalnik","status":"publish","type":"product","link":"https:\/\/staging.nbg.eu\/sl\/izdelek\/daa-primer-pro-razvrscevalnik-mali-vzigalnik\/","title":{"rendered":"Daa Primer-Pro razvrscevalnik mali vzigalnik"},"content":{"rendered":"<h2>Daa Primer-Pro Kolator za Male V\u017eigalnike<\/h2>\n<p>Revolucionirajte svoj proces ponovnega polnjenja z PRIMER-PRO podjetja Double-Alpha! Ta inovativna naprava s \u010dakajo\u010dim patentom ponuja edinstveno re\u0161itev za ravnanje z malimi pu\u0161kovnimi in pi\u0161tolskimi v\u017eigalniki.<\/p>\n<ul>\n<li>U\u010dinkovita zasnova tipa kolatorja z 20 natan\u010dno oblikovanimi kanali<\/li>\n<li>Zanesljiv sistem zavra\u010danja zagotavlja pravilno usmerjenost v\u017eigalnikov<\/li>\n<li>Opti\u010dni senzor \u0161teje v\u017eigalnike in se ustavi pri 100<\/li>\n<li>Inteligentno prepre\u010devanje zastojev in enostavno re\u0161evanje te\u017eav<\/li>\n<li>Inovativna izhodna ro\u010dica za gladko name\u0161\u010danje v\u017eigalnikov<\/li>\n<li>Vklju\u010duje en magnetni ovratnik za Dillon cevko za v\u017eigalnike<\/li>\n<li>12V DC napajanje z US\/EU adapterji in 2m kablom<\/li>\n<\/ul>\n<p>Opomba: Cevka za v\u017eigalnike ni vklju\u010dena. Dodatni magnetni ovratniki so na voljo lo\u010deno.<\/p>\n","protected":false},"excerpt":{"rendered":"<p>U\u010dinkovit, zanesljiv majhen zbiralnik netilk za hitro polnjenje streliva.<\/p>\n","protected":false},"featured_media":28214,"template":"","meta":{"_acf_changed":false},"product_brand":[11274],"product_cat":[13479,13451],"product_tag":[],"class_list":{"0":"post-44580","1":"product","2":"type-product","3":"status-publish","4":"has-post-thumbnail","6":"product_brand-doublealpha","7":"product_cat-ponovno-polnjenje","8":"product_cat-stroji-za-polnjenje","10":"first","11":"outofstock","12":"taxable","13":"shipping-taxable","14":"purchasable","15":"product-type-simple"},"acf":[],"_links":{"self":[{"href":"https:\/\/staging.nbg.eu\/sl\/wp-json\/wp\/v2\/product\/44580","targetHints":{"allow":["GET"]}}],"collection":[{"href":"https:\/\/staging.nbg.eu\/sl\/wp-json\/wp\/v2\/product"}],"about":[{"href":"https:\/\/staging.nbg.eu\/sl\/wp-json\/wp\/v2\/types\/product"}],"wp:featuredmedia":[{"embeddable":true,"href":"https:\/\/staging.nbg.eu\/sl\/wp-json\/wp\/v2\/media\/28214"}],"wp:attachment":[{"href":"https:\/\/staging.nbg.eu\/sl\/wp-json\/wp\/v2\/media?parent=44580"}],"wp:term":[{"taxonomy":"product_brand","embeddable":true,"href":"https:\/\/staging.nbg.eu\/sl\/wp-json\/wp\/v2\/product_brand?post=44580"},{"taxonomy":"product_cat","embeddable":true,"href":"https:\/\/staging.nbg.eu\/sl\/wp-json\/wp\/v2\/product_cat?post=44580"},{"taxonomy":"product_tag","embeddable":true,"href":"https:\/\/staging.nbg.eu\/sl\/wp-json\/wp\/v2\/product_tag?post=44580"}],"curies":[{"name":"wp","href":"https:\/\/api.w.org\/{rel}","templated":true}]}}