{"id":44554,"date":"2024-08-18T09:38:53","date_gmt":"2024-08-18T09:38:53","guid":{"rendered":"https:\/\/staging.nbg.eu\/product\/alpha-xi-pouch-without-inlay\/"},"modified":"2024-09-10T08:40:01","modified_gmt":"2024-09-10T08:40:01","slug":"alpha-xi-torbica-brez-podloge","status":"publish","type":"product","link":"https:\/\/staging.nbg.eu\/sl\/izdelek\/alpha-xi-torbica-brez-podloge\/","title":{"rendered":"Alpha-Xi torbica brez podloge"},"content":{"rendered":"<h2>Alpha-Xi torbica brez vlo\u017eka &#8211; Kon\u010dni izdelek<\/h2>\n<p>Predstavljamo torbico za nabojnik Alpha-Xi, revolucionarno zasnovo v takti\u010dni opremi. Ta torbica vklju\u010duje:<\/p>\n<ul>\n<li>Izbolj\u0161ano trpe\u017enost s prilagojenim vija\u010dnim pritrjevanjem s \u0161iroko glavo<\/li>\n<li>8 vsestranskih priklju\u010dnih to\u010dk za optimalno namestitev<\/li>\n<li>Tri mo\u017enosti vi\u0161ine za desni\u010darje in levi\u010darje<\/li>\n<li>Dve mo\u017enosti vi\u0161ine za namestitev z naboji navzven<\/li>\n<li>Sistem zaklepanja za izjemno stabilnost<\/li>\n<\/ul>\n<p>Izbolj\u0161ana krogli\u010dna povezava Alpha-Xi zagotavlja neprimerljivo mo\u010d tudi v intenzivnih pogojih. Ne glede na to, ali se plazite po tleh ali se prebijate \u010dez ovire, ta torbica kljubuje vsem izzivom. Do\u017eivite novo raven prena\u0161anja nabojnikov s torbico Alpha-Xi &#8211; na novo opredeljena trpe\u017enost in prilagodljivost.<\/p>\n<p><strong>Opomba:<\/strong> Ta razli\u010dica ne vklju\u010duje vlo\u017eka.<\/p>\n","protected":false},"excerpt":{"rendered":"<p>Trpe\u017een \u017eepek za nabojnik z naprednim pritrditvenim sistemom na pas z zglobno kroglo.<\/p>\n","protected":false},"featured_media":28283,"template":"","meta":{"_acf_changed":false},"product_brand":[11274],"product_cat":[13426,13437,13450,13475,13441],"product_tag":[],"class_list":{"0":"post-44554","1":"product","2":"type-product","3":"status-publish","4":"has-post-thumbnail","6":"product_brand-doublealpha","7":"product_cat-drzala-za-nabojnike","8":"product_cat-kabura","9":"product_cat-oprema","10":"product_cat-sportni-tok","11":"product_cat-torbice","13":"first","14":"instock","15":"taxable","16":"shipping-taxable","17":"purchasable","18":"product-type-simple"},"acf":[],"_links":{"self":[{"href":"https:\/\/staging.nbg.eu\/sl\/wp-json\/wp\/v2\/product\/44554","targetHints":{"allow":["GET"]}}],"collection":[{"href":"https:\/\/staging.nbg.eu\/sl\/wp-json\/wp\/v2\/product"}],"about":[{"href":"https:\/\/staging.nbg.eu\/sl\/wp-json\/wp\/v2\/types\/product"}],"wp:featuredmedia":[{"embeddable":true,"href":"https:\/\/staging.nbg.eu\/sl\/wp-json\/wp\/v2\/media\/28283"}],"wp:attachment":[{"href":"https:\/\/staging.nbg.eu\/sl\/wp-json\/wp\/v2\/media?parent=44554"}],"wp:term":[{"taxonomy":"product_brand","embeddable":true,"href":"https:\/\/staging.nbg.eu\/sl\/wp-json\/wp\/v2\/product_brand?post=44554"},{"taxonomy":"product_cat","embeddable":true,"href":"https:\/\/staging.nbg.eu\/sl\/wp-json\/wp\/v2\/product_cat?post=44554"},{"taxonomy":"product_tag","embeddable":true,"href":"https:\/\/staging.nbg.eu\/sl\/wp-json\/wp\/v2\/product_tag?post=44554"}],"curies":[{"name":"wp","href":"https:\/\/api.w.org\/{rel}","templated":true}]}}