{"id":44532,"date":"2024-08-18T09:39:07","date_gmt":"2024-08-18T09:39:07","guid":{"rendered":"https:\/\/staging.nbg.eu\/product\/daa-pcc-magzine-pouch-type-glock\/"},"modified":"2024-09-10T08:33:43","modified_gmt":"2024-09-10T08:33:43","slug":"daa-pcc-torbica-za-nabojnik-tip-glock","status":"publish","type":"product","link":"https:\/\/staging.nbg.eu\/sl\/izdelek\/daa-pcc-torbica-za-nabojnik-tip-glock\/","title":{"rendered":"Daa Pcc torbica za nabojnik &#8211; tip Glock"},"content":{"rendered":"<h2>DAA PCC Etui za Nabojnik &#8211; Tip Glock<\/h2>\n<p>Izbolj\u0161ajte svojo igro s Pistol Caliber Carbine (PCC) z DAA PCC etuijem za nabojnik, posebej zasnovanim za Glock nabojnike. Ta po meri izdelan etui re\u0161uje edinstvene izzive tekmovanj IPSC in USPSA.<\/p>\n<ul>\n<li>Trpe\u017ena konstrukcija iz najlona, oja\u010danega z vlakni<\/li>\n<li>Izjemno dolga zasnova (12cm\/4,75&#8243;) za varno dr\u017eanje 40-50 strelnih nabojnikov<\/li>\n<li>Prilagodljiva sila zadr\u017eevanja z dvema vijakoma<\/li>\n<li>Sprednje okno za hitrej\u0161e izvle\u010denje<\/li>\n<li>Po\u0161evni zgornji rob za hitrej\u0161e polnjenje<\/li>\n<li>Obojero\u010dna zasnova z ve\u010d polo\u017eaji vi\u0161ine<\/li>\n<li>Velika krogli\u010dna pritrditev za vzdr\u017eljivost<\/li>\n<li>Dr\u017ei nabojnike s kroglami obrnjenimi nazaj za polnjenje s &#8220;pestnim prijemom&#8221;<\/li>\n<\/ul>\n<p>Optimizirajte svoje PCC zmogljivosti s tem namensko izdelanim etuijem za nabojnik podjetja Double-Alpha.<\/p>\n","protected":false},"excerpt":{"rendered":"<p>PCC nabojnik za Glock: Po meri prilagojen, varen, za hitro menjavo nabojnikov.<\/p>\n","protected":false},"featured_media":28421,"template":"","meta":{"_acf_changed":false},"product_brand":[11274],"product_cat":[13426,13450,13475,13441],"product_tag":[],"class_list":{"0":"post-44532","1":"product","2":"type-product","3":"status-publish","4":"has-post-thumbnail","6":"product_brand-doublealpha","7":"product_cat-drzala-za-nabojnike","8":"product_cat-oprema","9":"product_cat-sportni-tok","10":"product_cat-torbice","12":"first","13":"outofstock","14":"taxable","15":"shipping-taxable","16":"purchasable","17":"product-type-simple"},"acf":[],"_links":{"self":[{"href":"https:\/\/staging.nbg.eu\/sl\/wp-json\/wp\/v2\/product\/44532","targetHints":{"allow":["GET"]}}],"collection":[{"href":"https:\/\/staging.nbg.eu\/sl\/wp-json\/wp\/v2\/product"}],"about":[{"href":"https:\/\/staging.nbg.eu\/sl\/wp-json\/wp\/v2\/types\/product"}],"wp:featuredmedia":[{"embeddable":true,"href":"https:\/\/staging.nbg.eu\/sl\/wp-json\/wp\/v2\/media\/28421"}],"wp:attachment":[{"href":"https:\/\/staging.nbg.eu\/sl\/wp-json\/wp\/v2\/media?parent=44532"}],"wp:term":[{"taxonomy":"product_brand","embeddable":true,"href":"https:\/\/staging.nbg.eu\/sl\/wp-json\/wp\/v2\/product_brand?post=44532"},{"taxonomy":"product_cat","embeddable":true,"href":"https:\/\/staging.nbg.eu\/sl\/wp-json\/wp\/v2\/product_cat?post=44532"},{"taxonomy":"product_tag","embeddable":true,"href":"https:\/\/staging.nbg.eu\/sl\/wp-json\/wp\/v2\/product_tag?post=44532"}],"curies":[{"name":"wp","href":"https:\/\/api.w.org\/{rel}","templated":true}]}}