{"id":44509,"date":"2024-08-18T09:39:25","date_gmt":"2024-08-18T09:39:25","guid":{"rendered":"https:\/\/staging.nbg.eu\/product\/corn-cob-media-4kg\/"},"modified":"2024-09-10T08:26:39","modified_gmt":"2024-09-10T08:26:39","slug":"koruzni-storz-medij-4kg","status":"publish","type":"product","link":"https:\/\/staging.nbg.eu\/sl\/izdelek\/koruzni-storz-medij-4kg\/","title":{"rendered":"Koruzni storz medij 4kg"},"content":{"rendered":"<h2>Koruzni Stor\u017e Media 4Kg<\/h2>\n<p>Izbolj\u0161ajte svoje \u010di\u0161\u010denje medenine z na\u0161im vrhunskim 4kg medijem iz koruznih stor\u017eev. Ta visokokakovosten medij je zasnovan za:<\/p>\n<ul>\n<li>Odstranjevanje peska, umazanije in ostankov prahu iz va\u0161ih tulcev<\/li>\n<li>Doseganje \u010dudovitega sijaja va\u0161e medenine<\/li>\n<li>\u010ci\u0161\u010denje tudi najmanj\u0161ih vdolbin robov tulcev in le\u017ei\u0161\u010d netilk<\/li>\n<\/ul>\n<p>Idealen za uporabo v majhnih do srednje velikih bobnih in vibratorjih, na\u0161 medij z drobnimi zrni zagotavlja temeljito \u010di\u0161\u010denje va\u0161ih medeninastih tulcev. Koli\u010dina 4kg omogo\u010da ve\u010dkratno uporabo in nudi odli\u010dno razmerje med ceno in kakovostjo.<\/p>\n<p>\u010ceprav se ta medij lahko uporablja ve\u010dkrat, priporo\u010damo ob\u010dasno zamenjavo za ohranjanje optimalnih rezultatov \u010di\u0161\u010denja. Investirajte v na\u0161 medij iz koruznih stor\u017eev \u0161e danes in izkusite razliko v va\u0161em procesu ponovnega polnjenja!<\/p>\n","protected":false},"excerpt":{"rendered":"<p>4 kg koruznih stor\u017eev: \u010cisti in polira medeninaste tulce, za ve\u010dkratno uporabo.<\/p>\n","protected":false},"featured_media":28582,"template":"","meta":{"_acf_changed":false},"product_brand":[],"product_cat":[13479,13477],"product_tag":[],"class_list":{"0":"post-44509","1":"product","2":"type-product","3":"status-publish","4":"has-post-thumbnail","6":"product_cat-ponovno-polnjenje","7":"product_cat-priprava-tulcev","9":"first","10":"outofstock","11":"taxable","12":"shipping-taxable","13":"purchasable","14":"product-type-simple"},"acf":[],"_links":{"self":[{"href":"https:\/\/staging.nbg.eu\/sl\/wp-json\/wp\/v2\/product\/44509","targetHints":{"allow":["GET"]}}],"collection":[{"href":"https:\/\/staging.nbg.eu\/sl\/wp-json\/wp\/v2\/product"}],"about":[{"href":"https:\/\/staging.nbg.eu\/sl\/wp-json\/wp\/v2\/types\/product"}],"wp:featuredmedia":[{"embeddable":true,"href":"https:\/\/staging.nbg.eu\/sl\/wp-json\/wp\/v2\/media\/28582"}],"wp:attachment":[{"href":"https:\/\/staging.nbg.eu\/sl\/wp-json\/wp\/v2\/media?parent=44509"}],"wp:term":[{"taxonomy":"product_brand","embeddable":true,"href":"https:\/\/staging.nbg.eu\/sl\/wp-json\/wp\/v2\/product_brand?post=44509"},{"taxonomy":"product_cat","embeddable":true,"href":"https:\/\/staging.nbg.eu\/sl\/wp-json\/wp\/v2\/product_cat?post=44509"},{"taxonomy":"product_tag","embeddable":true,"href":"https:\/\/staging.nbg.eu\/sl\/wp-json\/wp\/v2\/product_tag?post=44509"}],"curies":[{"name":"wp","href":"https:\/\/api.w.org\/{rel}","templated":true}]}}