{"id":44487,"date":"2024-08-18T09:39:38","date_gmt":"2024-08-18T09:39:38","guid":{"rendered":"https:\/\/staging.nbg.eu\/product\/sordin-silicone-gel-replacement-ear-pads\/"},"modified":"2024-09-10T08:15:55","modified_gmt":"2024-09-10T08:15:55","slug":"sordin-silikonske-gel-nadomestne-usesne-blazinice","status":"publish","type":"product","link":"https:\/\/staging.nbg.eu\/sl\/izdelek\/sordin-silikonske-gel-nadomestne-usesne-blazinice\/","title":{"rendered":"Sordin silikonske gel nadomestne usesne blazinice"},"content":{"rendered":"<div class=\"product-description\">\n<h2>Silikonske gel nadomestne blazinice za u\u0161esa Sordin<\/h2>\n<p>Nadgradite svoje Sordin glu\u0161nike z na\u0161im kompletom silikonskih gel nadomestnih blazinic, ki vklju\u010duje:<\/p>\n<ul>\n<li>2 silikonski gel blazinici za u\u0161esa<\/li>\n<li>2 izolacijski blazinici<\/li>\n<\/ul>\n<p>Do\u017eivite vrhunsko udobje in za\u0161\u010dito pred hrupom s temi inovativnimi gel blazinicami, ki se prilagodijo obliki va\u0161e glave. Popolne za uporabo s strelskimi o\u010dali, se prilagodijo okoli ro\u010dk za izbolj\u0161ano za\u0161\u010dito in udobje.<\/p>\n<p>Zdru\u017eljive z vsemi modeli Sordin: Supreme Pro, Pro-X in Pro+3. Enostavne za namestitev brez potrebnih modifikacij.<\/p>\n<p>Izbolj\u0161ajte higieno in u\u010dinkovitost z rednim menjavanjem u\u0161esnih blazinic. Preizkusite te gel blazinice, da resni\u010dno cenite razliko v udobju in zvo\u010dni izolaciji.<\/p>\n<\/div>\n","protected":false},"excerpt":{"rendered":"<p>Silikonski gel blazinice za u\u0161esa za Sordin slu\u0161alke. Izbolj\u0161ano udobje in za\u0161\u010dita pred hrupom.<\/p>\n","protected":false},"featured_media":28605,"template":"","meta":{"_acf_changed":false},"product_brand":[],"product_cat":[13450,13445],"product_tag":[],"class_list":{"0":"post-44487","1":"product","2":"type-product","3":"status-publish","4":"has-post-thumbnail","6":"product_cat-oprema","7":"product_cat-zascita-za-usesa","9":"first","10":"outofstock","11":"taxable","12":"shipping-taxable","13":"purchasable","14":"product-type-simple"},"acf":[],"_links":{"self":[{"href":"https:\/\/staging.nbg.eu\/sl\/wp-json\/wp\/v2\/product\/44487","targetHints":{"allow":["GET"]}}],"collection":[{"href":"https:\/\/staging.nbg.eu\/sl\/wp-json\/wp\/v2\/product"}],"about":[{"href":"https:\/\/staging.nbg.eu\/sl\/wp-json\/wp\/v2\/types\/product"}],"wp:featuredmedia":[{"embeddable":true,"href":"https:\/\/staging.nbg.eu\/sl\/wp-json\/wp\/v2\/media\/28605"}],"wp:attachment":[{"href":"https:\/\/staging.nbg.eu\/sl\/wp-json\/wp\/v2\/media?parent=44487"}],"wp:term":[{"taxonomy":"product_brand","embeddable":true,"href":"https:\/\/staging.nbg.eu\/sl\/wp-json\/wp\/v2\/product_brand?post=44487"},{"taxonomy":"product_cat","embeddable":true,"href":"https:\/\/staging.nbg.eu\/sl\/wp-json\/wp\/v2\/product_cat?post=44487"},{"taxonomy":"product_tag","embeddable":true,"href":"https:\/\/staging.nbg.eu\/sl\/wp-json\/wp\/v2\/product_tag?post=44487"}],"curies":[{"name":"wp","href":"https:\/\/api.w.org\/{rel}","templated":true}]}}