{"id":44459,"date":"2024-08-18T19:22:32","date_gmt":"2024-09-10T08:08:08","guid":{"rendered":"https:\/\/staging.nbg.eu\/product\/flex-holster-insert-block\/"},"modified":"2024-09-10T08:09:00","modified_gmt":"2024-09-10T08:09:00","slug":"flex-holster-vlozek-blok","status":"publish","type":"product","link":"https:\/\/staging.nbg.eu\/sl\/izdelek\/flex-holster-vlozek-blok\/","title":{"rendered":"Flex Holster vlozek blok"},"content":{"rendered":"<div class=\"product-description\">\n<h2>Flex vlo\u017eek za tok: Prilagodljivo prileganje za va\u0161o pi\u0161tolo<\/h2>\n<p>Revolucionarni Flex vlo\u017eek za tok ponuja neprimerljivo prilagodljivost za zagotavljanje popolnega prileganja skoraj vsakemu modelu pi\u0161tole. Na voljo v izvedbah Tip-A in Tip-B, ta inovativna zasnova omogo\u010da fino nastavitev vlo\u017eka za optimalno delovanje in udobje.<\/p>\n<h3>Klju\u010dne lastnosti:<\/h3>\n<ul>\n<li>Nastavljivi zobje za zaklepanje zaklopa za natan\u010dno prileganje<\/li>\n<li>Stranski distan\u010dniki in podlo\u017eke za prilagojeno poravnavo<\/li>\n<li>Opcijski sprednji distan\u010dnik za dodatno prilagodljivost<\/li>\n<li>Aluminijasto zaklepanje zaklopa z magnetnim vpenjanjem<\/li>\n<li>\u0160iroka, ploska varnostna ro\u010dica iz nerjave\u010dega jekla za enostavno aktiviranje<\/li>\n<\/ul>\n<p>Sklop Flex vlo\u017eka re\u0161uje pogoste te\u017eave s prileganjem, ki jih povzro\u010dajo proizvodna odstopanja, in zagotavlja tesno in varno prileganje va\u0161emu specifi\u010dnemu oro\u017eju. Z uporabniku prijazno zasnovo lahko enostavno prilagodite vlo\u017eek tako, da ustreza edinstvenim dimenzijam branika spro\u017eilca va\u0161e pi\u0161tole.<\/p>\n<p>Do\u017eivite naslednjo raven prilagoditve toka s Flex vlo\u017ekom za tok \u2013 ultimativno re\u0161itvijo za zahtevne strelce, ki pri\u010dakujejo natan\u010dnost in zanesljivost.<\/p>\n<\/div>\n","protected":false},"excerpt":{"rendered":"<p>Prilagodljiv vlo\u017eek za tok za popolno prileganje in varnost pi\u0161tole.<\/p>\n","protected":false},"featured_media":28628,"template":"","meta":{"_acf_changed":false},"product_brand":[11274],"product_cat":[13470,13437,13450,13475],"product_tag":[],"class_list":{"0":"post-44459","1":"product","2":"type-product","3":"status-publish","4":"has-post-thumbnail","6":"product_brand-doublealpha","7":"product_cat-dodatki-za-toke","8":"product_cat-kabura","9":"product_cat-oprema","10":"product_cat-sportni-tok","12":"first","13":"instock","14":"taxable","15":"shipping-taxable","16":"purchasable","17":"product-type-variable","18":"wvs-archive-product-wrapper"},"acf":[],"_links":{"self":[{"href":"https:\/\/staging.nbg.eu\/sl\/wp-json\/wp\/v2\/product\/44459","targetHints":{"allow":["GET"]}}],"collection":[{"href":"https:\/\/staging.nbg.eu\/sl\/wp-json\/wp\/v2\/product"}],"about":[{"href":"https:\/\/staging.nbg.eu\/sl\/wp-json\/wp\/v2\/types\/product"}],"wp:featuredmedia":[{"embeddable":true,"href":"https:\/\/staging.nbg.eu\/sl\/wp-json\/wp\/v2\/media\/28628"}],"wp:attachment":[{"href":"https:\/\/staging.nbg.eu\/sl\/wp-json\/wp\/v2\/media?parent=44459"}],"wp:term":[{"taxonomy":"product_brand","embeddable":true,"href":"https:\/\/staging.nbg.eu\/sl\/wp-json\/wp\/v2\/product_brand?post=44459"},{"taxonomy":"product_cat","embeddable":true,"href":"https:\/\/staging.nbg.eu\/sl\/wp-json\/wp\/v2\/product_cat?post=44459"},{"taxonomy":"product_tag","embeddable":true,"href":"https:\/\/staging.nbg.eu\/sl\/wp-json\/wp\/v2\/product_tag?post=44459"}],"curies":[{"name":"wp","href":"https:\/\/api.w.org\/{rel}","templated":true}]}}