{"id":44384,"date":"2024-08-18T19:23:04","date_gmt":"2024-09-10T07:48:58","guid":{"rendered":"https:\/\/staging.nbg.eu\/product\/d%d0%b0%d0%b0-ratchet-inner-belt\/"},"modified":"2024-09-10T07:49:56","modified_gmt":"2024-09-10T07:49:56","slug":"daa-ratchet-notranji-pas","status":"publish","type":"product","link":"https:\/\/staging.nbg.eu\/sl\/izdelek\/daa-ratchet-notranji-pas\/","title":{"rendered":"DAA Ratchet notranji pas"},"content":{"rendered":"<h2>DAA Notranji pas z zasko\u010dnim mehanizmom<\/h2>\n<p>Do\u017eivite neprimerljivo udobje z inovativnim DAA notranjim pasom z zasko\u010dnim mehanizmom. S posebnim zlo\u017eljivim delom, oblikovanim tako, da sedi pod zasko\u010dnim mehanizmom, ta pas odpravlja neudobne to\u010dke pritiska, ko zategujete in kraj\u0161ate zunanji pas.<\/p>\n<ul>\n<li>Zlo\u017eljiv del brez plasti\u010dnega jedra ali je\u017eka za enostavno zlaganje<\/li>\n<li>Koni\u010dasti konci za enostavno navle\u010denje skozi zanke hla\u010d<\/li>\n<li>Superiorno udobje v primerjavi s tradicionalnimi notranjimi pasovi<\/li>\n<li>Izdelan iz enakih visokokakovostnih materialov kot standardni DAA notranji pasovi<\/li>\n<\/ul>\n<p>Poslovite se od neudobja, ki ga povzro\u010dajo trdi materiali, ki se ne upogibajo zlahka. DAA notranji pas z zasko\u010dnim mehanizmom zagotavlja tesno prileganje brez kompromisov glede udobja, kar ga naredi za popolno izbiro za zahtevne uporabnike, ki pri\u010dakujejo najbolj\u0161e v tehnologiji pasov.<\/p>\n","protected":false},"excerpt":{"rendered":"<p>Udoben notranji pas z zlo\u017eljivim delom za zasko\u010dne zaponke.<\/p>\n","protected":false},"featured_media":29065,"template":"","meta":{"_acf_changed":false},"product_brand":[11274],"product_cat":[13450,13453],"product_tag":[],"class_list":{"0":"post-44384","1":"product","2":"type-product","3":"status-publish","4":"has-post-thumbnail","6":"product_brand-doublealpha","7":"product_cat-oprema","8":"product_cat-sportni-pasovi","10":"first","11":"instock","12":"taxable","13":"shipping-taxable","14":"purchasable","15":"product-type-variable","16":"wvs-archive-product-wrapper"},"acf":[],"_links":{"self":[{"href":"https:\/\/staging.nbg.eu\/sl\/wp-json\/wp\/v2\/product\/44384","targetHints":{"allow":["GET"]}}],"collection":[{"href":"https:\/\/staging.nbg.eu\/sl\/wp-json\/wp\/v2\/product"}],"about":[{"href":"https:\/\/staging.nbg.eu\/sl\/wp-json\/wp\/v2\/types\/product"}],"wp:featuredmedia":[{"embeddable":true,"href":"https:\/\/staging.nbg.eu\/sl\/wp-json\/wp\/v2\/media\/29065"}],"wp:attachment":[{"href":"https:\/\/staging.nbg.eu\/sl\/wp-json\/wp\/v2\/media?parent=44384"}],"wp:term":[{"taxonomy":"product_brand","embeddable":true,"href":"https:\/\/staging.nbg.eu\/sl\/wp-json\/wp\/v2\/product_brand?post=44384"},{"taxonomy":"product_cat","embeddable":true,"href":"https:\/\/staging.nbg.eu\/sl\/wp-json\/wp\/v2\/product_cat?post=44384"},{"taxonomy":"product_tag","embeddable":true,"href":"https:\/\/staging.nbg.eu\/sl\/wp-json\/wp\/v2\/product_tag?post=44384"}],"curies":[{"name":"wp","href":"https:\/\/api.w.org\/{rel}","templated":true}]}}